{"id":1950,"date":"2021-07-04T21:55:45","date_gmt":"2021-07-04T19:55:45","guid":{"rendered":"http:\/\/vsmvv.cz\/education\/bachelors-degree\/"},"modified":"2022-01-13T18:24:12","modified_gmt":"2022-01-13T17:24:12","slug":"bachelors-degree","status":"publish","type":"page","link":"https:\/\/vsmvv.cz\/en\/education\/bachelors-degree\/","title":{"rendered":"Bachelor&#8217;s degree"},"content":{"rendered":"","protected":false},"excerpt":{"rendered":"","protected":false},"author":11,"featured_media":1724,"parent":1881,"menu_order":0,"comment_status":"closed","ping_status":"closed","template":"page-templates\/vzdelavanie_bc.php","meta":{"inline_featured_image":false,"footnotes":""},"class_list":["post-1950","page","type-page","status-publish","has-post-thumbnail","hentry"],"yoast_head":"<!-- This site is optimized with the Yoast SEO plugin v26.8 - https:\/\/yoast.com\/product\/yoast-seo-wordpress\/ -->\n<title>Bachelor&#039;s degree - Vysok\u00e1 \u0161kola mezin\u00e1rodn\u00edch a verejn\u00fdch vztah\u016f<\/title>\n<meta name=\"robots\" content=\"index, follow, max-snippet:-1, max-image-preview:large, max-video-preview:-1\" \/>\n<link rel=\"canonical\" href=\"https:\/\/vsmvv.cz\/en\/education\/bachelors-degree\/\" \/>\n<meta property=\"og:locale\" content=\"en_US\" \/>\n<meta property=\"og:type\" content=\"article\" \/>\n<meta property=\"og:title\" content=\"Bachelor&#039;s degree - Vysok\u00e1 \u0161kola mezin\u00e1rodn\u00edch a verejn\u00fdch vztah\u016f\" \/>\n<meta property=\"og:url\" content=\"https:\/\/vsmvv.cz\/en\/education\/bachelors-degree\/\" \/>\n<meta property=\"og:site_name\" content=\"Vysok\u00e1 \u0161kola mezin\u00e1rodn\u00edch a verejn\u00fdch vztah\u016f\" \/>\n<meta property=\"article:modified_time\" content=\"2022-01-13T17:24:12+00:00\" \/>\n<meta property=\"og:image\" content=\"https:\/\/vsmvv.cz\/wp-content\/uploads\/2021\/03\/vsmvv_115-scaled.jpg\" \/>\n\t<meta property=\"og:image:width\" content=\"2560\" \/>\n\t<meta property=\"og:image:height\" content=\"1706\" \/>\n\t<meta property=\"og:image:type\" content=\"image\/jpeg\" \/>\n<meta name=\"twitter:card\" content=\"summary_large_image\" \/>\n<script type=\"application\/ld+json\" class=\"yoast-schema-graph\">{\"@context\":\"https:\/\/schema.org\",\"@graph\":[{\"@type\":\"WebPage\",\"@id\":\"https:\/\/vsmvv.cz\/en\/education\/bachelors-degree\/\",\"url\":\"https:\/\/vsmvv.cz\/en\/education\/bachelors-degree\/\",\"name\":\"Bachelor's degree - Vysok\u00e1 \u0161kola mezin\u00e1rodn\u00edch a verejn\u00fdch vztah\u016f\",\"isPartOf\":{\"@id\":\"http:\/\/vsmvv.cz\/en\/#website\"},\"primaryImageOfPage\":{\"@id\":\"https:\/\/vsmvv.cz\/en\/education\/bachelors-degree\/#primaryimage\"},\"image\":{\"@id\":\"https:\/\/vsmvv.cz\/en\/education\/bachelors-degree\/#primaryimage\"},\"thumbnailUrl\":\"https:\/\/vsmvv.cz\/wp-content\/uploads\/2021\/03\/vsmvv_115-scaled.jpg\",\"datePublished\":\"2021-07-04T19:55:45+00:00\",\"dateModified\":\"2022-01-13T17:24:12+00:00\",\"breadcrumb\":{\"@id\":\"https:\/\/vsmvv.cz\/en\/education\/bachelors-degree\/#breadcrumb\"},\"inLanguage\":\"en-US\",\"potentialAction\":[{\"@type\":\"ReadAction\",\"target\":[\"https:\/\/vsmvv.cz\/en\/education\/bachelors-degree\/\"]}]},{\"@type\":\"ImageObject\",\"inLanguage\":\"en-US\",\"@id\":\"https:\/\/vsmvv.cz\/en\/education\/bachelors-degree\/#primaryimage\",\"url\":\"https:\/\/vsmvv.cz\/wp-content\/uploads\/2021\/03\/vsmvv_115-scaled.jpg\",\"contentUrl\":\"https:\/\/vsmvv.cz\/wp-content\/uploads\/2021\/03\/vsmvv_115-scaled.jpg\",\"width\":2560,\"height\":1706},{\"@type\":\"BreadcrumbList\",\"@id\":\"https:\/\/vsmvv.cz\/en\/education\/bachelors-degree\/#breadcrumb\",\"itemListElement\":[{\"@type\":\"ListItem\",\"position\":1,\"name\":\"Vysok\u00e1 \u0161kola mezin\u00e1rodn\u00edch a verejn\u00fdch vztah\u016f\",\"item\":\"https:\/\/vsmvv.cz\/en\/\"},{\"@type\":\"ListItem\",\"position\":2,\"name\":\"Education\",\"item\":\"https:\/\/vsmvv.cz\/en\/education\/\"},{\"@type\":\"ListItem\",\"position\":3,\"name\":\"Bachelor&#8217;s degree\"}]},{\"@type\":\"WebSite\",\"@id\":\"http:\/\/vsmvv.cz\/en\/#website\",\"url\":\"http:\/\/vsmvv.cz\/en\/\",\"name\":\"Vysok\u00e1 \u0161kola mezin\u00e1rodn\u00edch a verejn\u00fdch vztah\u016f\",\"description\":\"Kvalita. Prest\u00ed\u017e. \u00daspech. Prec\u00edznos\u0165.\",\"potentialAction\":[{\"@type\":\"SearchAction\",\"target\":{\"@type\":\"EntryPoint\",\"urlTemplate\":\"http:\/\/vsmvv.cz\/en\/?s={search_term_string}\"},\"query-input\":{\"@type\":\"PropertyValueSpecification\",\"valueRequired\":true,\"valueName\":\"search_term_string\"}}],\"inLanguage\":\"en-US\"}]}<\/script>\n<!-- \/ Yoast SEO plugin. -->","yoast_head_json":{"title":"Bachelor's degree - Vysok\u00e1 \u0161kola mezin\u00e1rodn\u00edch a verejn\u00fdch vztah\u016f","robots":{"index":"index","follow":"follow","max-snippet":"max-snippet:-1","max-image-preview":"max-image-preview:large","max-video-preview":"max-video-preview:-1"},"canonical":"https:\/\/vsmvv.cz\/en\/education\/bachelors-degree\/","og_locale":"en_US","og_type":"article","og_title":"Bachelor's degree - Vysok\u00e1 \u0161kola mezin\u00e1rodn\u00edch a verejn\u00fdch vztah\u016f","og_url":"https:\/\/vsmvv.cz\/en\/education\/bachelors-degree\/","og_site_name":"Vysok\u00e1 \u0161kola mezin\u00e1rodn\u00edch a verejn\u00fdch vztah\u016f","article_modified_time":"2022-01-13T17:24:12+00:00","og_image":[{"width":2560,"height":1706,"url":"https:\/\/vsmvv.cz\/wp-content\/uploads\/2021\/03\/vsmvv_115-scaled.jpg","type":"image\/jpeg"}],"twitter_card":"summary_large_image","schema":{"@context":"https:\/\/schema.org","@graph":[{"@type":"WebPage","@id":"https:\/\/vsmvv.cz\/en\/education\/bachelors-degree\/","url":"https:\/\/vsmvv.cz\/en\/education\/bachelors-degree\/","name":"Bachelor's degree - Vysok\u00e1 \u0161kola mezin\u00e1rodn\u00edch a verejn\u00fdch vztah\u016f","isPartOf":{"@id":"http:\/\/vsmvv.cz\/en\/#website"},"primaryImageOfPage":{"@id":"https:\/\/vsmvv.cz\/en\/education\/bachelors-degree\/#primaryimage"},"image":{"@id":"https:\/\/vsmvv.cz\/en\/education\/bachelors-degree\/#primaryimage"},"thumbnailUrl":"https:\/\/vsmvv.cz\/wp-content\/uploads\/2021\/03\/vsmvv_115-scaled.jpg","datePublished":"2021-07-04T19:55:45+00:00","dateModified":"2022-01-13T17:24:12+00:00","breadcrumb":{"@id":"https:\/\/vsmvv.cz\/en\/education\/bachelors-degree\/#breadcrumb"},"inLanguage":"en-US","potentialAction":[{"@type":"ReadAction","target":["https:\/\/vsmvv.cz\/en\/education\/bachelors-degree\/"]}]},{"@type":"ImageObject","inLanguage":"en-US","@id":"https:\/\/vsmvv.cz\/en\/education\/bachelors-degree\/#primaryimage","url":"https:\/\/vsmvv.cz\/wp-content\/uploads\/2021\/03\/vsmvv_115-scaled.jpg","contentUrl":"https:\/\/vsmvv.cz\/wp-content\/uploads\/2021\/03\/vsmvv_115-scaled.jpg","width":2560,"height":1706},{"@type":"BreadcrumbList","@id":"https:\/\/vsmvv.cz\/en\/education\/bachelors-degree\/#breadcrumb","itemListElement":[{"@type":"ListItem","position":1,"name":"Vysok\u00e1 \u0161kola mezin\u00e1rodn\u00edch a verejn\u00fdch vztah\u016f","item":"https:\/\/vsmvv.cz\/en\/"},{"@type":"ListItem","position":2,"name":"Education","item":"https:\/\/vsmvv.cz\/en\/education\/"},{"@type":"ListItem","position":3,"name":"Bachelor&#8217;s degree"}]},{"@type":"WebSite","@id":"http:\/\/vsmvv.cz\/en\/#website","url":"http:\/\/vsmvv.cz\/en\/","name":"Vysok\u00e1 \u0161kola mezin\u00e1rodn\u00edch a verejn\u00fdch vztah\u016f","description":"Kvalita. Prest\u00ed\u017e. \u00daspech. Prec\u00edznos\u0165.","potentialAction":[{"@type":"SearchAction","target":{"@type":"EntryPoint","urlTemplate":"http:\/\/vsmvv.cz\/en\/?s={search_term_string}"},"query-input":{"@type":"PropertyValueSpecification","valueRequired":true,"valueName":"search_term_string"}}],"inLanguage":"en-US"}]}},"meta_box":{"vav_section_cloneable_group":[{"vav_section_cloneable_style":"classic_style"}],"pt_ucp_domov_banner_heading":"","pt_ucp_domov_banner_subheading":"","pt_ucp_domov_banner_link":"","banner_side_buttons":[{"banner_side_buttons_mobile_hide":"1","banner_side_buttons_mobile_transparent":"1"}],"pt_ucp_domov_studium":[],"tp_textr_imagel_video_domov_heading":"","tp_textr_imagel_video_domov_img":[],"tp_textr_imagel_video_domov_url":"","pt_ucp_domov_predstavenie_heading":"","pt_ucp_domov_predstavenie_text":"","pt_ucp_domov_predstavenie_btn":"","pt_ucp_domov_predstavenie_link":"","pt_ucp_domov_predstavenie_obrazok":[],"pt_ucp_domov_dod_nadpis":"","pt_ucp_domov_dod_text":"","pt_ucp_domov_dod_skola_1":[],"tp_onas_textl_imager_heading":"","tp_onas_textl_imager_text":"","tp_onas_textl_imager_btn_text":"","tp_onas_textl_imager_btn_url":"","tp_onas_textl_imager_img":[],"tp_textr_imagel_onas_heading":"","tp_textr_imagel_onas_text":"","tp_textr_imagel_onas_btn_text":"","tp_textr_imagel_onas_btn_url":"","tp_textr_imagel_onas_img":[],"tp_head_text_btns_onas_heading":"","tp_head_text_btns_onas_text":"","tp_head_text_btns_onas":[],"tp_onas_partneri_textl_imager_heading":"","tp_onas_partneri_textl_imager_text":"","tp_onas_partneri_textl_imager_btn_text":"","tp_onas_partneri_textl_imager_btn_url":"","tp_onas_partneri_textl_imager_img":[],"pt_onas_genpartneri_heading":"","pt_onas_genpartneri_text":"","tp_genpartners_slider":[],"pt_onas_partneri_heading":"","pt_onas_partneri_text":"","tp_partners_slider":[],"pt_ucp_about_absolventi_infobox_heading_1":"","pt_ucp_about_absolventi_infobox_text_1":"","pt_ucp_about_absolventi_infobox_heading_2":"","pt_ucp_about_absolventi_infobox_text_2":"","pt_ucp_about_absolventi_infobox_heading_3":"","pt_ucp_about_absolventi_infobox_text_3":"","pt_ucp_about_absolventi_heading":"","pt_ucp_about_absolventi_text":"","pt_ucp_about_absolventi_obrazok":[],"pt_ucp_about_absolventi_slider_heading":"","pt_ucp_about_absolventi_slider_text":"","pg_kontakt_mesta_heading":"","pg_kontakt_mesta_text":"","tp_image_contact_boxes_kontakt":[],"pg_kontakt_form_subheading":"","pg_kontakt_form_heading":"","pg_kontakt_form_shortcode":"","pg_instituty":[{"pg_instituty_address":[{"_state":"expanded"}],"_state":"expanded"}],"tp_image_text_cloneable_doplnit_group":[{"tp_image_text_cloneable_doplnit_style":"textl_imager"}],"tp_textr_imagel_video_whyucp_heading":"","tp_textr_imagel_video_whyucp_text":"","tp_textr_imagel_video_whyucp_btn_text":"","tp_textr_imagel_video_whyucp_btn_url":"","tp_textr_imagel_video_whyucp_img":[],"tp_textr_imagel_video_whyucp_url":"","tp_textl_imager_prijmaciekonanie_heading":"","tp_textl_imager_prijmaciekonanie_text":"","tp_textl_imager_prijmaciekonanie_btn_text":"","tp_textl_imager_prijmaciekonanie_btn_url":"","tp_textl_imager_prijmaciekonanie_img":[],"tp_numbered_boxes_textgroup_prijmaciekonanie":[],"tp_numbered_boxes_btngroup_prijmaciekonanie":[],"pg_prijimacie_konanie_more_heading":"","pg_prijimacie_konanie_more_text":"","tp_head_text_btns_prijimacie_konanie_more":[],"prijmaciekonanie_cennik_header":"","prijmaciekonanie_cennik_benefits":[],"prijmaciekonanie_cennik_aboveswitch_headline":"","prijmaciekonanie_cennik_aboveswitch_text":"","prijmaciekonanie_cennik_praha_packages":[],"prijmaciekonanie_cennik_praha_skolne_abovehead":"","prijmaciekonanie_cennik_praha_skolne_head":"","prijmaciekonanie_cennik_praha_skolne_text":"","prijmaciekonanie_cennik_praha_skolne_first":[],"prijmaciekonanie_cennik_praha_skolne_second":[],"prijmaciekonanie_cennik_praha_skolne_footer":"","prijmaciekonanie_cennik_bratislava_packages_bc_head":"","prijmaciekonanie_cennik_bratislava_packages_bc_text":"","prijmaciekonanie_cennik_bratislava_packages":[],"prijmaciekonanie_cennik_bratislava_packages_mgr_head":"","prijmaciekonanie_cennik_bratislava_packages_mgr_text":"","prijmaciekonanie_cennik_mgr_bratislava_packages":[],"prijmaciekonanie_cennik_bratislava_skolne_abovehead":"","prijmaciekonanie_cennik_bratislava_skolne_head":"","prijmaciekonanie_cennik_bratislava_skolne_text":"","prijmaciekonanie_cennik_bratislava_skolne_first":[],"prijmaciekonanie_cennik_bratislava_skolne_second":[],"prijmaciekonanie_cennik_bratislava_skolne_footer":"","prijmaciekonanie_cennik_prahaupd_packages_bc_head":"","prijmaciekonanie_cennik_prahaupd_packages_bc_text":"","prijmaciekonanie_cennik_prahaupd_packages":[],"prijmaciekonanie_cennik_prahaupd_packages_mgr_head":"","prijmaciekonanie_cennik_prahaupd_packages_mgr_text":"","prijmaciekonanie_cennik_mgr_prahaupd_packages":[],"prijmaciekonanie_cennik_prahaupd_skolne_abovehead":"","prijmaciekonanie_cennik_prahaupd_skolne_head":"","prijmaciekonanie_cennik_prahaupd_skolne_text":"","prijmaciekonanie_cennik_prahaupd_skolne_first":[],"prijmaciekonanie_cennik_prahaupd_skolne_second":[],"prijmaciekonanie_cennik_prahaupd_skolne_footer":"","tp_textl_imager_navsteva_heading":"","tp_textl_imager_navsteva_text":"","tp_textl_imager_navsteva_btn_text":"","tp_textl_imager_navsteva_btn_url":"","tp_textl_imager_navsteva_img":[],"tp_textr_imagel_navsteva_heading":"","tp_textr_imagel_navsteva_text":"","tp_textr_imagel_navsteva_btn_text":"","tp_textr_imagel_navsteva_btn_url":"","tp_textr_imagel_navsteva_img":[],"tp_head_text_btns_vzdelavanie_heading":"","tp_head_text_btns_vzdelavanie_text":"","tp_head_text_btns_vzdelavanie":[],"tp_textr_imagel_vzdelavanie_heading":"","tp_textr_imagel_vzdelavanie_text":"","tp_textr_imagel_vzdelavanie_btn_text":"","tp_textr_imagel_vzdelavanie_btn_url":"","tp_textr_imagel_vzdelavanie_img":[],"tp_textr_imagel_video_vzdelavanie_heading":"","tp_textr_imagel_video_vzdelavanie_text":"","tp_textr_imagel_video_vzdelavanie_btn_text":"","tp_textr_imagel_video_vzdelavanie_btn_url":"","tp_textr_imagel_video_vzdelavanie_img":[],"tp_textr_imagel_video_vzdelavanie_url":"","pt_kombstud_text_boxes":[],"tp_textl_imager_kombstud_heading":"","tp_textl_imager_kombstud_text":"","tp_textl_imager_kombstud_btn_text":"","tp_textl_imager_kombstud_btn_url":"","tp_textl_imager_kombstud_img":[],"kombstud_faq_heading":"","kombstud_faq_text":"","kombstud_faq_faq_group":[],"kombstud_faq_group":[],"tp_onas_historia_textl_imager_heading":"","tp_onas_historia_textl_imager_text":"","tp_onas_historia_textl_imager_btn_text":"","tp_onas_historia_textl_imager_btn_url":"","tp_onas_historia_textl_imager_img":[],"tp_textr_imagel_historia_heading":"","tp_textr_imagel_historia_text":"","tp_textr_imagel_historia_btn_text":"","tp_textr_imagel_historia_btn_url":"","tp_textr_imagel_historia_img":[],"tp_onas_historia_textl_imager2_heading":"","tp_onas_historia_textl_imager2_text":"","tp_onas_historia_textl_imager2_btn_text":"","tp_onas_historia_textl_imager2_btn_url":"","tp_onas_historia_textl_imager2_img":[],"tp_textr_imagel2_historia_heading":"","tp_textr_imagel2_historia_text":"","tp_textr_imagel2_historia_btn_text":"","tp_textr_imagel2_historia_btn_url":"","tp_textr_imagel2_historia_img":[],"pt_vzdelavanie_bc_infobox_heading_1":"2","pt_vzdelavanie_bc_infobox_text_1":"study programs Bc.","pt_vzdelavanie_bc_infobox_heading_2":"11","pt_vzdelavanie_bc_infobox_text_2":"specializations","pt_vzdelavanie_bc_infobox_heading_3":"2","pt_vzdelavanie_bc_infobox_text_3":"cities in which we operate","pt_vzdelavanie_bc_prijatie_heading":"Study at a prestigious school","pt_vzdelavanie_bc_prijatie_text":"<p>V\u0160MVV offers the study of two bachelor's programs. The guarantor of every study program is a <strong>long-term expert from practice<\/strong>, thanks to which the quality of education is at a high level. The study lasts a standard period of three years, both in full-time and part-time form.<strong> International Relations and Diplomacy (Bc.) <\/strong>and<strong> International Management and Marketing (Bc.)<\/strong> can be studied in Prague and Bratislava. <strong>All study programs are taught only in the Czech language.<\/strong><\/p>\n","pt_vzdelavanie_bc_prijatie_btns":[{"pt_vzdelavanie_bc_prijatie_btns_style":"button"}],"pt_vzdelavanie_bc_info_heading":"Profiles of V\u0160MVV graduates","pt_vzdelavanie_bc_info_text":"<p>In 20 years of operation, we already know the recipe for how to prepare students for a successful career. Therefore, it is no coincidence that our graduates become successful <strong>politicians, marketers, managers, editors, ambassadors.<\/strong>\u00a0We also know that the contacts a student makes at school are many times as important as knowledge. Upon graduation, the graduate will automatically receive membership in the <strong>V\u0160MVV Alumni\u00a0<\/strong><strong>Club<\/strong>, which will allow him to continue meeting with diplomats, ministers or entrepreneurs with whom he shared school desks some time ago.<\/p>\n","pt_vzdelavanie_bc_info_btn_text":"","pt_vzdelavanie_bc_info_btn_url":"","pt_vzdelavanie_bc_info_img":[{"width":150,"height":150,"file":"2021\/03\/vsh_069-scaled.jpg","sizes":{"medium":{"file":"vsh_069-300x200.jpg","width":300,"height":200,"mime-type":"image\/jpeg"},"large":{"file":"vsh_069-1024x683.jpg","width":1024,"height":683,"mime-type":"image\/jpeg"},"thumbnail":{"file":"vsh_069-150x150.jpg","width":150,"height":150,"mime-type":"image\/jpeg"},"medium_large":{"file":"vsh_069-768x512.jpg","width":768,"height":512,"mime-type":"image\/jpeg"},"1536x1536":{"file":"vsh_069-1536x1024.jpg","width":1536,"height":1024,"mime-type":"image\/jpeg"},"2048x2048":{"file":"vsh_069-2048x1365.jpg","width":2048,"height":1365,"mime-type":"image\/jpeg"}},"image_meta":{"aperture":"2","credit":"Vojtech Hurych","camera":"X-Pro3","caption":"","created_timestamp":"1611666994","copyright":"Vojtech Hurych","focal_length":"50","iso":"800","shutter_speed":"0.008","title":"V\u008aH","orientation":"0","keywords":[]},"original_image":"vsh_069.jpg","ID":1726,"name":"vsh_069-scaled.jpg","path":"\/data\/9\/a\/9a98e8e4-0459-479b-9d89-4c23455be046\/vsmvv.cz\/web\/wp-content\/uploads\/2021\/03\/vsh_069-scaled.jpg","url":"https:\/\/vsmvv.cz\/wp-content\/uploads\/2021\/03\/vsh_069-150x150.jpg","full_url":"https:\/\/vsmvv.cz\/wp-content\/uploads\/2021\/03\/vsh_069-scaled.jpg","title":"VH","caption":"","description":"","alt":"","srcset":false}],"pt_vzdelavanie_bc_references_above_head":"Satisfied students are our best advertisement.","pt_vzdelavanie_bc_references_above_text":"","pt_vzdelavanie_bc_references":[{"pt_vzdelavanie_bc_references_img":["3231"],"pt_vzdelavanie_bc_references_name":"Michael","pt_vzdelavanie_bc_references_text":"I appreciate that there are mainly experienced teachers with extensive experience. I also certainly enjoy the various projects we can be involved in, such as the project Embassy or the project Security with General Andor \u0160\u00e1ndor."},{"pt_vzdelavanie_bc_references_img":["3226"],"pt_vzdelavanie_bc_references_name":"Bohdan","pt_vzdelavanie_bc_references_text":"What certainly surprised me and I think that the strongest aspect of the College of International and Public Relations Prague is the incorporation of theory into practice. Another important condition for my school  choice is a strong and cooperative team. The school certainly meets this condition."},{"pt_vzdelavanie_bc_references_img":["3236"],"pt_vzdelavanie_bc_references_name":"Petra","pt_vzdelavanie_bc_references_text":"I have already chosen V\u0160MVV for my bachelor's studies, mainly because of the field of PR, and I liked it so much that I decided to continue my master's studies here as well. The strongest aspect of the school is the individual approach to students."}],"pt_vzdelavanie_ing_infobox_heading_1":"","pt_vzdelavanie_ing_infobox_text_1":"","pt_vzdelavanie_ing_infobox_heading_2":"","pt_vzdelavanie_ing_infobox_text_2":"","pt_vzdelavanie_ing_infobox_heading_3":"","pt_vzdelavanie_ing_infobox_text_3":"","pt_vzdelavanie_ing_prijatie_heading":"","pt_vzdelavanie_ing_prijatie_text":"","pt_vzdelavanie_ing_prijatie_btns":[],"pt_vzdelavanie_ing_info_heading":"","pt_vzdelavanie_ing_info_text":"","pt_vzdelavanie_ing_info_btn_text":"","pt_vzdelavanie_ing_info_btn_url":"","pt_vzdelavanie_ing_info_img":[],"pt_vzdelavanie_ing_references_above_head":"","pt_vzdelavanie_ing_references_above_text":"","pt_vzdelavanie_ing_references":[],"pt_vzdelavanie_zivot_prijatie_heading":"","pt_vzdelavanie_zivot_prijatie_text":"","pt_vzdelavanie_zivot_prijatie_btns":[],"pt_vzdelavanie_zivot_info_heading":"","pt_vzdelavanie_zivot_info_text":"","pt_vzdelavanie_zivot_info_btn_text":"","pt_vzdelavanie_zivot_info_btn_url":"","pt_vzdelavanie_zivot_info_img":[],"tp_textr_imagel_vzdelavanie_zivot_heading":"","tp_textr_imagel_vzdelavanie_zivot_text":"","tp_textr_imagel_vzdelavanie_zivot_btn_text":"","tp_textr_imagel_vzdelavanie_zivot_btn_url":"","tp_textr_imagel_vzdelavanie_zivot_img":[],"pg_zivot_ucp_mesta_heading":"","pg_zivot_ucp_mesta_text":"","pg_zivot_ucp_mesta":[],"pg_zivot_ucp_mesto_video_heading":"","pg_zivot_ucp_mesto_video_text":"","pg_zivot_ucp_mesto_video_btn_text":"","pg_zivot_ucp_mesto_video_btn_url":"","pg_zivot_ucp_mesto_video_img":[],"pg_zivot_ucp_mesto_video_url":"","pg_zivot_ucp_mesto_more_heading":"","pg_zivot_ucp_mesto_more_text":"","pg_zivot_ucp_mesto_links_heading":"","pg_zivot_ucp_mesto_links":[],"pg_prihlaska":[{"_state":"expanded"}],"pt_ucp_dod_undernadpis":"","pt_ucp_dod_undertext":"","url":"","uradna_tabula":[{"uradna_tabula_document":[{"uradna_tabula_type":"<img src=\"\/wp-content\/themes\/united-collage-prague-skola\/assets\/images\/icons\/pdf_icon.svg\">","_state":"expanded"}],"_state":"expanded"}],"akademicky_kalendar":[{"_state":"expanded"}],"pg_studijne_kontakty_head":"","pg_studijne_kontakty_text":"","pg_studijne_kontakty":[],"pg_studijne_obmedzenie_head":"","pg_studijne_obmedzenie_text":"","pg_studijne_oddelenie":[{"pg_studijne_oddelenie_hodiny":[["A"]]}],"tp_textr_imagel_studiumodunora_heading":"","tp_textr_imagel_studiumodunora_text":"","tp_textr_imagel_studiumodunora_btn_text":"","tp_textr_imagel_studiumodunora_btn_url":"","tp_textr_imagel_studiumodunora_img":[],"studiumodunora_prihlaska_abovehead":"","studiumodunora_prihlaska_head":"","studiumodunora_prihlaska_text":"","studiumodunora_prihlaska_btnwrap":[],"studiumodunora_programy_heading":"","studiumodunora_programy_text":"","studiumodunora_programy_faq_group":[],"studiumodunora_programy_group":[],"veltrh_group":[],"pg_katedra":[],"pg_katedra_head":"","pg_katedra_text":"","pg_hostia_z_praxe":[],"tp_mba_where_aboveheading":"","tp_mba_where_abovetext":"","tp_head_mba_where_btns":[],"tp_mba_text_heading":"","tp_mba_text_text":"","mba_rozvrh":[{"mba_rozvrh_document":[{"mba_rozvrh_type":"Zimn\u00fd","_state":"expanded"}],"_state":"expanded"}],"tp_image_boxes_mba_heading":"","tp_image_boxes_mba":[],"mba_partners_slider_heading":"","mba_partners_slider":[],"mba_faq_heading":"","mba_faq_text":"","mba_faq_faq_group":[],"mba_faq_group":[],"mba_prihlaska_abovehead":"","mba_prihlaska_head":"","mba_prihlaska_text":"","mba_prihlaska_btnwrap":[],"cennik_vsh_header":"","cennik_vsh_benefits":[],"cennik_vsh_praha_packages_bc_head":"","cennik_vsh_praha_packages_bc_text":"","cennik_vsh_praha_packages":[],"cennik_vsh_praha_packages_bccomb_head":"","cennik_vsh_praha_packages_bccomb_text":"","cennik_vsh_praha_packages_bccomb":[],"cennik_vsh_praha_packages_mgr_head":"","cennik_vsh_praha_packages_mgr_text":"","cennik_vsh_mgr_praha_packages":[],"cennik_vsh_praha_packages_mgr_head_combform":"","cennik_vsh_praha_packages_mgr_text_combform":"","cennik_vsh_mgr_praha_packages_combform":[],"cennik_vsh_praha_skolne_abovehead":"","cennik_vsh_praha_skolne_head":"","cennik_vsh_praha_skolne_text":"","cennik_vsh_praha_skolne_first":[],"cennik_vsh_praha_skolne_second":[],"cennik_vsh_praha_skolne_footer":"","cennik_vsh_znojmo_packages_bc_head":"","cennik_vsh_znojmo_packages_bc_text":"","cennik_vsh_znojmo_packages":[],"cennik_vsh_znojmo_packages_bccomb_head":"","cennik_vsh_znojmo_packages_bccomb_text":"","cennik_vsh_znojmo_packages_bccomb":[],"cennik_vsh_znojmo_packages_mgr_head":"","cennik_vsh_znojmo_packages_mgr_text":"","cennik_vsh_mgr_znojmo_packages":[],"cennik_vsh_znojmo_packages_mgr_head_combform":"","cennik_vsh_znojmo_packages_mgr_text_combform":"","cennik_vsh_mgr_znojmo_packages_combform":[],"cennik_vsh_znojmo_skolne_abovehead":"","cennik_vsh_znojmo_skolne_head":"","cennik_vsh_znojmo_skolne_text":"","cennik_vsh_znojmo_skolne_first":[],"cennik_vsh_znojmo_skolne_second":[],"cennik_vsh_znojmo_skolne_footer":"","cennik_vsh_bratislava_packages_bc_head":"","cennik_vsh_bratislava_packages_bc_text":"","cennik_vsh_bratislava_packages":[],"cennik_vsh_bratislava_packages_bccomb_head":"","cennik_vsh_bratislava_packages_bccomb_text":"","cennik_vsh_bratislava_packages_bccomb":[],"cennik_vsh_bratislava_packages_mgr_head":"","cennik_vsh_bratislava_packages_mgr_text":"","cennik_vsh_mgr_bratislava_packages":[],"cennik_vsh_bratislava_packages_mgr_head_combform":"","cennik_vsh_bratislava_packages_mgr_text_combform":"","cennik_vsh_mgr_bratislava_packages_combform":[],"cennik_vsh_bratislava_skolne_abovehead":"","cennik_vsh_bratislava_skolne_head":"","cennik_vsh_bratislava_skolne_text":"","cennik_vsh_bratislava_skolne_first":[],"cennik_vsh_bratislava_skolne_second":[],"cennik_vsh_bratislava_skolne_footer":"","vslg_cennik_header":"","vslg_cennik_benefits":[],"vslg_cennik_aboveswitch_headline":"","vslg_cennik_aboveswitch_text":"","vslg_cennik_winter_packages_bc_head":"","vslg_cennik_winter_packages":[],"vslg_cennik_winter_packages_mgr_head":"","vslg_cennik_mgr_winter_packages":[],"vslg_cennik_winter_skolne_abovehead":"","vslg_cennik_winter_skolne_head":"","vslg_cennik_winter_skolne_text":"","vslg_cennik_winter_skolne_first":[],"vslg_cennik_winter_skolne_second":[],"vslg_cennik_winter_skolne_footer":"","vslg_cennik_summer_packages_bc_head":"","vslg_cennik_summer_packages":[],"vslg_cennik_summer_packages_mgr_head":"","vslg_cennik_mgr_summer_packages":[],"vslg_cennik_summer_skolne_abovehead":"","vslg_cennik_summer_skolne_head":"","vslg_cennik_summer_skolne_text":"","vslg_cennik_summer_skolne_first":[],"vslg_cennik_summer_skolne_second":[],"vslg_cennik_summer_skolne_footer":""},"_links":{"self":[{"href":"https:\/\/vsmvv.cz\/en\/wp-json\/wp\/v2\/pages\/1950","targetHints":{"allow":["GET"]}}],"collection":[{"href":"https:\/\/vsmvv.cz\/en\/wp-json\/wp\/v2\/pages"}],"about":[{"href":"https:\/\/vsmvv.cz\/en\/wp-json\/wp\/v2\/types\/page"}],"author":[{"embeddable":true,"href":"https:\/\/vsmvv.cz\/en\/wp-json\/wp\/v2\/users\/11"}],"replies":[{"embeddable":true,"href":"https:\/\/vsmvv.cz\/en\/wp-json\/wp\/v2\/comments?post=1950"}],"version-history":[{"count":1,"href":"https:\/\/vsmvv.cz\/en\/wp-json\/wp\/v2\/pages\/1950\/revisions"}],"predecessor-version":[{"id":1951,"href":"https:\/\/vsmvv.cz\/en\/wp-json\/wp\/v2\/pages\/1950\/revisions\/1951"}],"up":[{"embeddable":true,"href":"https:\/\/vsmvv.cz\/en\/wp-json\/wp\/v2\/pages\/1881"}],"wp:featuredmedia":[{"embeddable":true,"href":"https:\/\/vsmvv.cz\/en\/wp-json\/wp\/v2\/media\/1724"}],"wp:attachment":[{"href":"https:\/\/vsmvv.cz\/en\/wp-json\/wp\/v2\/media?parent=1950"}],"curies":[{"name":"wp","href":"https:\/\/api.w.org\/{rel}","templated":true}]}}