{"id":138,"date":"2021-01-25T16:06:19","date_gmt":"2021-01-25T15:06:19","guid":{"rendered":"http:\/\/vsmvv.cz\/?page_id=138"},"modified":"2021-07-22T12:41:30","modified_gmt":"2021-07-22T10:41:30","slug":"historia-skoly","status":"publish","type":"page","link":"https:\/\/vsmvv.cz\/sk\/o-nas\/historia-skoly\/","title":{"rendered":"Hist\u00f3ria \u0161koly"},"content":{"rendered":"","protected":false},"excerpt":{"rendered":"<p>U\u017e viac ako 20 rokov prippravuje V\u0160MVV \u0161tudentov na \u00faspe\u0161n\u00fa kari\u00e9ru.<\/p>\n","protected":false},"author":11,"featured_media":0,"parent":78,"menu_order":0,"comment_status":"closed","ping_status":"closed","template":"page-templates\/onas_historia.php","meta":{"inline_featured_image":false,"footnotes":""},"class_list":["post-138","page","type-page","status-publish","hentry"],"yoast_head":"<!-- This site is optimized with the Yoast SEO plugin v26.8 - https:\/\/yoast.com\/product\/yoast-seo-wordpress\/ -->\n<title>Hist\u00f3ria \u0161koly - Vysok\u00e1 \u0161kola mezin\u00e1rodn\u00edch a verejn\u00fdch vztah\u016f<\/title>\n<meta name=\"robots\" content=\"index, follow, max-snippet:-1, max-image-preview:large, max-video-preview:-1\" \/>\n<link rel=\"canonical\" href=\"https:\/\/vsmvv.cz\/sk\/o-nas\/historia-skoly\/\" \/>\n<meta property=\"og:locale\" content=\"sk_SK\" \/>\n<meta property=\"og:type\" content=\"article\" \/>\n<meta property=\"og:title\" content=\"Hist\u00f3ria \u0161koly - Vysok\u00e1 \u0161kola mezin\u00e1rodn\u00edch a verejn\u00fdch vztah\u016f\" \/>\n<meta property=\"og:description\" content=\"U\u017e viac ako 20 rokov prippravuje V\u0160MVV \u0161tudentov na \u00faspe\u0161n\u00fa kari\u00e9ru.\" \/>\n<meta property=\"og:url\" content=\"https:\/\/vsmvv.cz\/sk\/o-nas\/historia-skoly\/\" \/>\n<meta property=\"og:site_name\" content=\"Vysok\u00e1 \u0161kola mezin\u00e1rodn\u00edch a verejn\u00fdch vztah\u016f\" \/>\n<meta property=\"article:modified_time\" content=\"2021-07-22T10:41:30+00:00\" \/>\n<meta name=\"twitter:card\" content=\"summary_large_image\" \/>\n<script type=\"application\/ld+json\" class=\"yoast-schema-graph\">{\"@context\":\"https:\/\/schema.org\",\"@graph\":[{\"@type\":\"WebPage\",\"@id\":\"https:\/\/vsmvv.cz\/sk\/o-nas\/historia-skoly\/\",\"url\":\"https:\/\/vsmvv.cz\/sk\/o-nas\/historia-skoly\/\",\"name\":\"Hist\u00f3ria \u0161koly - Vysok\u00e1 \u0161kola mezin\u00e1rodn\u00edch a verejn\u00fdch vztah\u016f\",\"isPartOf\":{\"@id\":\"http:\/\/vsmvv.cz\/sk\/#website\"},\"datePublished\":\"2021-01-25T15:06:19+00:00\",\"dateModified\":\"2021-07-22T10:41:30+00:00\",\"breadcrumb\":{\"@id\":\"https:\/\/vsmvv.cz\/sk\/o-nas\/historia-skoly\/#breadcrumb\"},\"inLanguage\":\"sk-SK\",\"potentialAction\":[{\"@type\":\"ReadAction\",\"target\":[\"https:\/\/vsmvv.cz\/sk\/o-nas\/historia-skoly\/\"]}]},{\"@type\":\"BreadcrumbList\",\"@id\":\"https:\/\/vsmvv.cz\/sk\/o-nas\/historia-skoly\/#breadcrumb\",\"itemListElement\":[{\"@type\":\"ListItem\",\"position\":1,\"name\":\"Vysok\u00e1 \u0161kola mezin\u00e1rodn\u00edch a verejn\u00fdch vztah\u016f\",\"item\":\"https:\/\/vsmvv.cz\/sk\/\"},{\"@type\":\"ListItem\",\"position\":2,\"name\":\"O V\u0160MVV\",\"item\":\"https:\/\/vsmvv.cz\/sk\/o-nas\/\"},{\"@type\":\"ListItem\",\"position\":3,\"name\":\"Hist\u00f3ria \u0161koly\"}]},{\"@type\":\"WebSite\",\"@id\":\"http:\/\/vsmvv.cz\/sk\/#website\",\"url\":\"http:\/\/vsmvv.cz\/sk\/\",\"name\":\"Vysok\u00e1 \u0161kola mezin\u00e1rodn\u00edch a verejn\u00fdch vztah\u016f\",\"description\":\"Kvalita. Prest\u00ed\u017e. \u00daspech. Prec\u00edznos\u0165.\",\"potentialAction\":[{\"@type\":\"SearchAction\",\"target\":{\"@type\":\"EntryPoint\",\"urlTemplate\":\"http:\/\/vsmvv.cz\/sk\/?s={search_term_string}\"},\"query-input\":{\"@type\":\"PropertyValueSpecification\",\"valueRequired\":true,\"valueName\":\"search_term_string\"}}],\"inLanguage\":\"sk-SK\"}]}<\/script>\n<!-- \/ Yoast SEO plugin. -->","yoast_head_json":{"title":"Hist\u00f3ria \u0161koly - Vysok\u00e1 \u0161kola mezin\u00e1rodn\u00edch a verejn\u00fdch vztah\u016f","robots":{"index":"index","follow":"follow","max-snippet":"max-snippet:-1","max-image-preview":"max-image-preview:large","max-video-preview":"max-video-preview:-1"},"canonical":"https:\/\/vsmvv.cz\/sk\/o-nas\/historia-skoly\/","og_locale":"sk_SK","og_type":"article","og_title":"Hist\u00f3ria \u0161koly - Vysok\u00e1 \u0161kola mezin\u00e1rodn\u00edch a verejn\u00fdch vztah\u016f","og_description":"U\u017e viac ako 20 rokov prippravuje V\u0160MVV \u0161tudentov na \u00faspe\u0161n\u00fa kari\u00e9ru.","og_url":"https:\/\/vsmvv.cz\/sk\/o-nas\/historia-skoly\/","og_site_name":"Vysok\u00e1 \u0161kola mezin\u00e1rodn\u00edch a verejn\u00fdch vztah\u016f","article_modified_time":"2021-07-22T10:41:30+00:00","twitter_card":"summary_large_image","schema":{"@context":"https:\/\/schema.org","@graph":[{"@type":"WebPage","@id":"https:\/\/vsmvv.cz\/sk\/o-nas\/historia-skoly\/","url":"https:\/\/vsmvv.cz\/sk\/o-nas\/historia-skoly\/","name":"Hist\u00f3ria \u0161koly - Vysok\u00e1 \u0161kola mezin\u00e1rodn\u00edch a verejn\u00fdch vztah\u016f","isPartOf":{"@id":"http:\/\/vsmvv.cz\/sk\/#website"},"datePublished":"2021-01-25T15:06:19+00:00","dateModified":"2021-07-22T10:41:30+00:00","breadcrumb":{"@id":"https:\/\/vsmvv.cz\/sk\/o-nas\/historia-skoly\/#breadcrumb"},"inLanguage":"sk-SK","potentialAction":[{"@type":"ReadAction","target":["https:\/\/vsmvv.cz\/sk\/o-nas\/historia-skoly\/"]}]},{"@type":"BreadcrumbList","@id":"https:\/\/vsmvv.cz\/sk\/o-nas\/historia-skoly\/#breadcrumb","itemListElement":[{"@type":"ListItem","position":1,"name":"Vysok\u00e1 \u0161kola mezin\u00e1rodn\u00edch a verejn\u00fdch vztah\u016f","item":"https:\/\/vsmvv.cz\/sk\/"},{"@type":"ListItem","position":2,"name":"O V\u0160MVV","item":"https:\/\/vsmvv.cz\/sk\/o-nas\/"},{"@type":"ListItem","position":3,"name":"Hist\u00f3ria \u0161koly"}]},{"@type":"WebSite","@id":"http:\/\/vsmvv.cz\/sk\/#website","url":"http:\/\/vsmvv.cz\/sk\/","name":"Vysok\u00e1 \u0161kola mezin\u00e1rodn\u00edch a verejn\u00fdch vztah\u016f","description":"Kvalita. Prest\u00ed\u017e. \u00daspech. Prec\u00edznos\u0165.","potentialAction":[{"@type":"SearchAction","target":{"@type":"EntryPoint","urlTemplate":"http:\/\/vsmvv.cz\/sk\/?s={search_term_string}"},"query-input":{"@type":"PropertyValueSpecification","valueRequired":true,"valueName":"search_term_string"}}],"inLanguage":"sk-SK"}]}},"meta_box":{"vav_section_cloneable_group":[{"vav_section_cloneable_style":"classic_style"}],"pt_ucp_domov_banner_heading":"","pt_ucp_domov_banner_subheading":"","pt_ucp_domov_banner_link":"","banner_side_buttons":[{"banner_side_buttons_mobile_hide":"1","banner_side_buttons_mobile_transparent":"1"}],"pt_ucp_domov_studium":[],"tp_textr_imagel_video_domov_heading":"","tp_textr_imagel_video_domov_img":[],"tp_textr_imagel_video_domov_url":"","pt_ucp_domov_predstavenie_heading":"","pt_ucp_domov_predstavenie_text":"","pt_ucp_domov_predstavenie_btn":"","pt_ucp_domov_predstavenie_link":"","pt_ucp_domov_predstavenie_obrazok":[],"pt_ucp_domov_dod_nadpis":"","pt_ucp_domov_dod_text":"","pt_ucp_domov_dod_skola_1":[],"tp_onas_textl_imager_heading":"","tp_onas_textl_imager_text":"","tp_onas_textl_imager_btn_text":"","tp_onas_textl_imager_btn_url":"","tp_onas_textl_imager_img":[],"tp_textr_imagel_onas_heading":"","tp_textr_imagel_onas_text":"","tp_textr_imagel_onas_btn_text":"","tp_textr_imagel_onas_btn_url":"","tp_textr_imagel_onas_img":[],"tp_head_text_btns_onas_heading":"","tp_head_text_btns_onas_text":"","tp_head_text_btns_onas":[],"tp_onas_partneri_textl_imager_heading":"","tp_onas_partneri_textl_imager_text":"","tp_onas_partneri_textl_imager_btn_text":"","tp_onas_partneri_textl_imager_btn_url":"","tp_onas_partneri_textl_imager_img":[],"pt_onas_genpartneri_heading":"","pt_onas_genpartneri_text":"","tp_genpartners_slider":[],"pt_onas_partneri_heading":"","pt_onas_partneri_text":"","tp_partners_slider":[],"pt_ucp_about_absolventi_infobox_heading_1":"","pt_ucp_about_absolventi_infobox_text_1":"","pt_ucp_about_absolventi_infobox_heading_2":"","pt_ucp_about_absolventi_infobox_text_2":"","pt_ucp_about_absolventi_infobox_heading_3":"","pt_ucp_about_absolventi_infobox_text_3":"","pt_ucp_about_absolventi_heading":"","pt_ucp_about_absolventi_text":"","pt_ucp_about_absolventi_obrazok":[],"pt_ucp_about_absolventi_slider_heading":"","pt_ucp_about_absolventi_slider_text":"","pg_kontakt_mesta_heading":"","pg_kontakt_mesta_text":"","tp_image_contact_boxes_kontakt":[],"pg_kontakt_form_subheading":"","pg_kontakt_form_heading":"","pg_kontakt_form_shortcode":"","pg_instituty":[{"pg_instituty_address":[{"_state":"expanded"}],"_state":"expanded"}],"tp_image_text_cloneable_doplnit_group":[{"tp_image_text_cloneable_doplnit_style":"textl_imager"}],"tp_textr_imagel_video_whyucp_heading":"","tp_textr_imagel_video_whyucp_text":"","tp_textr_imagel_video_whyucp_btn_text":"","tp_textr_imagel_video_whyucp_btn_url":"","tp_textr_imagel_video_whyucp_img":[],"tp_textr_imagel_video_whyucp_url":"","tp_textl_imager_prijmaciekonanie_heading":"","tp_textl_imager_prijmaciekonanie_text":"","tp_textl_imager_prijmaciekonanie_btn_text":"","tp_textl_imager_prijmaciekonanie_btn_url":"","tp_textl_imager_prijmaciekonanie_img":[],"tp_numbered_boxes_textgroup_prijmaciekonanie":[],"tp_numbered_boxes_btngroup_prijmaciekonanie":[],"pg_prijimacie_konanie_more_heading":"","pg_prijimacie_konanie_more_text":"","tp_head_text_btns_prijimacie_konanie_more":[],"prijmaciekonanie_cennik_header":"","prijmaciekonanie_cennik_benefits":[],"prijmaciekonanie_cennik_aboveswitch_headline":"","prijmaciekonanie_cennik_aboveswitch_text":"","prijmaciekonanie_cennik_praha_packages":[],"prijmaciekonanie_cennik_praha_skolne_abovehead":"","prijmaciekonanie_cennik_praha_skolne_head":"","prijmaciekonanie_cennik_praha_skolne_text":"","prijmaciekonanie_cennik_praha_skolne_first":[],"prijmaciekonanie_cennik_praha_skolne_second":[],"prijmaciekonanie_cennik_praha_skolne_footer":"","prijmaciekonanie_cennik_bratislava_packages_bc_head":"","prijmaciekonanie_cennik_bratislava_packages_bc_text":"","prijmaciekonanie_cennik_bratislava_packages":[],"prijmaciekonanie_cennik_bratislava_packages_mgr_head":"","prijmaciekonanie_cennik_bratislava_packages_mgr_text":"","prijmaciekonanie_cennik_mgr_bratislava_packages":[],"prijmaciekonanie_cennik_bratislava_skolne_abovehead":"","prijmaciekonanie_cennik_bratislava_skolne_head":"","prijmaciekonanie_cennik_bratislava_skolne_text":"","prijmaciekonanie_cennik_bratislava_skolne_first":[],"prijmaciekonanie_cennik_bratislava_skolne_second":[],"prijmaciekonanie_cennik_bratislava_skolne_footer":"","prijmaciekonanie_cennik_prahaupd_packages_bc_head":"","prijmaciekonanie_cennik_prahaupd_packages_bc_text":"","prijmaciekonanie_cennik_prahaupd_packages":[],"prijmaciekonanie_cennik_prahaupd_packages_mgr_head":"","prijmaciekonanie_cennik_prahaupd_packages_mgr_text":"","prijmaciekonanie_cennik_mgr_prahaupd_packages":[],"prijmaciekonanie_cennik_prahaupd_skolne_abovehead":"","prijmaciekonanie_cennik_prahaupd_skolne_head":"","prijmaciekonanie_cennik_prahaupd_skolne_text":"","prijmaciekonanie_cennik_prahaupd_skolne_first":[],"prijmaciekonanie_cennik_prahaupd_skolne_second":[],"prijmaciekonanie_cennik_prahaupd_skolne_footer":"","tp_textl_imager_navsteva_heading":"","tp_textl_imager_navsteva_text":"","tp_textl_imager_navsteva_btn_text":"","tp_textl_imager_navsteva_btn_url":"","tp_textl_imager_navsteva_img":[],"tp_textr_imagel_navsteva_heading":"","tp_textr_imagel_navsteva_text":"","tp_textr_imagel_navsteva_btn_text":"","tp_textr_imagel_navsteva_btn_url":"","tp_textr_imagel_navsteva_img":[],"tp_head_text_btns_vzdelavanie_heading":"","tp_head_text_btns_vzdelavanie_text":"","tp_head_text_btns_vzdelavanie":[],"tp_textr_imagel_vzdelavanie_heading":"","tp_textr_imagel_vzdelavanie_text":"","tp_textr_imagel_vzdelavanie_btn_text":"","tp_textr_imagel_vzdelavanie_btn_url":"","tp_textr_imagel_vzdelavanie_img":[],"tp_textr_imagel_video_vzdelavanie_heading":"","tp_textr_imagel_video_vzdelavanie_text":"","tp_textr_imagel_video_vzdelavanie_btn_text":"","tp_textr_imagel_video_vzdelavanie_btn_url":"","tp_textr_imagel_video_vzdelavanie_img":[],"tp_textr_imagel_video_vzdelavanie_url":"","pt_kombstud_text_boxes":[],"tp_textl_imager_kombstud_heading":"","tp_textl_imager_kombstud_text":"","tp_textl_imager_kombstud_btn_text":"","tp_textl_imager_kombstud_btn_url":"","tp_textl_imager_kombstud_img":[],"kombstud_faq_heading":"","kombstud_faq_text":"","kombstud_faq_faq_group":[],"kombstud_faq_group":[],"tp_onas_historia_textl_imager_heading":"Vysok\u00e1 \u0161kola mezin\u00e1rodn\u00edch a ve\u0159ejn\u00fdch vztah\u016f Praha (V\u0160MVV)","tp_onas_historia_textl_imager_text":"<p style=\"text-align: left\">V\u0160MVV bola zalo\u017een\u00e1 v roku 1999 a od svojho vzniku sa \u0161pecializuje na v\u00fdu\u010dbu medzin\u00e1rodn\u00fdch vz\u0165ahov a diplomacie. O p\u00e1r rokov sa na to \u0161kola zamerala aj na v\u00fdu\u010dbu Public Relations a v roku 2020 \u00faspe\u0161ne akreditovala nov\u00fd \u0161tudijn\u00fd program Mezin\u00e1rodn\u00ed management a marketing. V s\u00fa\u010dasnosti dop\u013a\u0148a ponuku \u0161tudijn\u00fdch programov aj Prev\u00e1dzka leteckej dopravy \u010di anglick\u00fd program International relations and diplomacy. Garantmi jednotliv\u00fdch programov s\u00fa experti z praxe, ako napr\u00edklad <strong>prof. PhDr. Eduard Gomb\u00e1r, CSc.<\/strong>, diplomat s 20 ro\u010dn\u00fdmi sk\u00fasenos\u0165ami, <strong>doc. Ing. Monika Palatkov\u00e1, Ph.D.<\/strong>, b\u00fdvala gener\u00e1lna riadite\u013eka CzechTourism alebo <strong>doc. Ing. Jind\u0159ich Ploch, CSc<\/strong>. b\u00fdval\u00fd gener\u00e1lny riadite\u013e \u00faradu pre civiln\u00e9 letectvo.<\/p>\n","tp_onas_historia_textl_imager_btn_text":"Vedenie \u0161koly","tp_onas_historia_textl_imager_btn_url":"http:\/\/vsmvv.cz\/o-nas\/vedenie-skoly\/","tp_onas_historia_textl_imager_img":[{"width":150,"height":150,"file":"2021\/03\/Budova-s\u030ckoly-.png","sizes":{"medium":{"file":"Budova-s\u030ckoly--300x169.png","width":300,"height":169,"mime-type":"image\/png"},"large":{"file":"Budova-s\u030ckoly--1024x575.png","width":1024,"height":575,"mime-type":"image\/png"},"thumbnail":{"file":"Budova-s\u030ckoly--150x150.png","width":150,"height":150,"mime-type":"image\/png"},"medium_large":{"file":"Budova-s\u030ckoly--768x432.png","width":768,"height":432,"mime-type":"image\/png"},"1536x1536":{"file":"Budova-s\u030ckoly--1536x863.png","width":1536,"height":863,"mime-type":"image\/png"}},"image_meta":{"aperture":"0","credit":"","camera":"","caption":"","created_timestamp":"0","copyright":"","focal_length":"0","iso":"0","shutter_speed":"0","title":"","orientation":"0","keywords":[]},"ID":453,"name":"Budova-s\u030ckoly-.png","path":"\/data\/9\/a\/9a98e8e4-0459-479b-9d89-4c23455be046\/vsmvv.cz\/web\/wp-content\/uploads\/2021\/03\/Budova-s\u030ckoly-.png","url":"https:\/\/vsmvv.cz\/wp-content\/uploads\/2021\/03\/Budova-s\u030ckoly--150x150.png","full_url":"https:\/\/vsmvv.cz\/wp-content\/uploads\/2021\/03\/Budova-s\u030ckoly-.png","title":"Budova s\u030ckoly","caption":"","description":"","alt":"","srcset":false}],"tp_textr_imagel_historia_heading":"","tp_textr_imagel_historia_text":"","tp_textr_imagel_historia_btn_text":"","tp_textr_imagel_historia_btn_url":"","tp_textr_imagel_historia_img":[],"tp_onas_historia_textl_imager2_heading":"","tp_onas_historia_textl_imager2_text":"","tp_onas_historia_textl_imager2_btn_text":"","tp_onas_historia_textl_imager2_btn_url":"","tp_onas_historia_textl_imager2_img":[],"tp_textr_imagel2_historia_heading":"","tp_textr_imagel2_historia_text":"","tp_textr_imagel2_historia_btn_text":"","tp_textr_imagel2_historia_btn_url":"","tp_textr_imagel2_historia_img":[],"pt_vzdelavanie_bc_infobox_heading_1":"","pt_vzdelavanie_bc_infobox_text_1":"","pt_vzdelavanie_bc_infobox_heading_2":"","pt_vzdelavanie_bc_infobox_text_2":"","pt_vzdelavanie_bc_infobox_heading_3":"","pt_vzdelavanie_bc_infobox_text_3":"","pt_vzdelavanie_bc_prijatie_heading":"","pt_vzdelavanie_bc_prijatie_text":"","pt_vzdelavanie_bc_prijatie_btns":[],"pt_vzdelavanie_bc_info_heading":"","pt_vzdelavanie_bc_info_text":"","pt_vzdelavanie_bc_info_btn_text":"","pt_vzdelavanie_bc_info_btn_url":"","pt_vzdelavanie_bc_info_img":[],"pt_vzdelavanie_bc_references_above_head":"","pt_vzdelavanie_bc_references_above_text":"","pt_vzdelavanie_bc_references":[],"pt_vzdelavanie_ing_infobox_heading_1":"","pt_vzdelavanie_ing_infobox_text_1":"","pt_vzdelavanie_ing_infobox_heading_2":"","pt_vzdelavanie_ing_infobox_text_2":"","pt_vzdelavanie_ing_infobox_heading_3":"","pt_vzdelavanie_ing_infobox_text_3":"","pt_vzdelavanie_ing_prijatie_heading":"","pt_vzdelavanie_ing_prijatie_text":"","pt_vzdelavanie_ing_prijatie_btns":[],"pt_vzdelavanie_ing_info_heading":"","pt_vzdelavanie_ing_info_text":"","pt_vzdelavanie_ing_info_btn_text":"","pt_vzdelavanie_ing_info_btn_url":"","pt_vzdelavanie_ing_info_img":[],"pt_vzdelavanie_ing_references_above_head":"","pt_vzdelavanie_ing_references_above_text":"","pt_vzdelavanie_ing_references":[],"pt_vzdelavanie_zivot_prijatie_heading":"","pt_vzdelavanie_zivot_prijatie_text":"","pt_vzdelavanie_zivot_prijatie_btns":[],"pt_vzdelavanie_zivot_info_heading":"","pt_vzdelavanie_zivot_info_text":"","pt_vzdelavanie_zivot_info_btn_text":"","pt_vzdelavanie_zivot_info_btn_url":"","pt_vzdelavanie_zivot_info_img":[],"tp_textr_imagel_vzdelavanie_zivot_heading":"","tp_textr_imagel_vzdelavanie_zivot_text":"","tp_textr_imagel_vzdelavanie_zivot_btn_text":"","tp_textr_imagel_vzdelavanie_zivot_btn_url":"","tp_textr_imagel_vzdelavanie_zivot_img":[],"pg_zivot_ucp_mesta_heading":"","pg_zivot_ucp_mesta_text":"","pg_zivot_ucp_mesta":[],"pg_zivot_ucp_mesto_video_heading":"","pg_zivot_ucp_mesto_video_text":"","pg_zivot_ucp_mesto_video_btn_text":"","pg_zivot_ucp_mesto_video_btn_url":"","pg_zivot_ucp_mesto_video_img":[],"pg_zivot_ucp_mesto_video_url":"","pg_zivot_ucp_mesto_more_heading":"","pg_zivot_ucp_mesto_more_text":"","pg_zivot_ucp_mesto_links_heading":"","pg_zivot_ucp_mesto_links":[],"pg_prihlaska":[{"_state":"expanded"}],"pt_ucp_dod_undernadpis":"","pt_ucp_dod_undertext":"","url":"","uradna_tabula":[{"uradna_tabula_document":[{"uradna_tabula_type":"<img src=\"\/wp-content\/themes\/united-collage-prague-skola\/assets\/images\/icons\/pdf_icon.svg\">","_state":"expanded"}],"_state":"expanded"}],"akademicky_kalendar":[{"_state":"expanded"}],"pg_studijne_kontakty_head":"","pg_studijne_kontakty_text":"","pg_studijne_kontakty":[],"pg_studijne_obmedzenie_head":"","pg_studijne_obmedzenie_text":"","pg_studijne_oddelenie":[{"pg_studijne_oddelenie_hodiny":[["A"]]}],"tp_textr_imagel_studiumodunora_heading":"","tp_textr_imagel_studiumodunora_text":"","tp_textr_imagel_studiumodunora_btn_text":"","tp_textr_imagel_studiumodunora_btn_url":"","tp_textr_imagel_studiumodunora_img":[],"studiumodunora_prihlaska_abovehead":"","studiumodunora_prihlaska_head":"","studiumodunora_prihlaska_text":"","studiumodunora_prihlaska_btnwrap":[],"studiumodunora_programy_heading":"","studiumodunora_programy_text":"","studiumodunora_programy_faq_group":[],"studiumodunora_programy_group":[],"veltrh_group":[],"pg_katedra":[],"pg_katedra_head":"","pg_katedra_text":"","pg_hostia_z_praxe":[],"tp_mba_where_aboveheading":"","tp_mba_where_abovetext":"","tp_head_mba_where_btns":[],"tp_mba_text_heading":"","tp_mba_text_text":"","mba_rozvrh":[{"mba_rozvrh_document":[{"mba_rozvrh_type":"Zimn\u00fd","_state":"expanded"}],"_state":"expanded"}],"tp_image_boxes_mba_heading":"","tp_image_boxes_mba":[],"mba_partners_slider_heading":"","mba_partners_slider":[],"mba_faq_heading":"","mba_faq_text":"","mba_faq_faq_group":[],"mba_faq_group":[],"mba_prihlaska_abovehead":"","mba_prihlaska_head":"","mba_prihlaska_text":"","mba_prihlaska_btnwrap":[],"cennik_vsh_header":"","cennik_vsh_benefits":[],"cennik_vsh_praha_packages_bc_head":"","cennik_vsh_praha_packages_bc_text":"","cennik_vsh_praha_packages":[],"cennik_vsh_praha_packages_bccomb_head":"","cennik_vsh_praha_packages_bccomb_text":"","cennik_vsh_praha_packages_bccomb":[],"cennik_vsh_praha_packages_mgr_head":"","cennik_vsh_praha_packages_mgr_text":"","cennik_vsh_mgr_praha_packages":[],"cennik_vsh_praha_packages_mgr_head_combform":"","cennik_vsh_praha_packages_mgr_text_combform":"","cennik_vsh_mgr_praha_packages_combform":[],"cennik_vsh_praha_skolne_abovehead":"","cennik_vsh_praha_skolne_head":"","cennik_vsh_praha_skolne_text":"","cennik_vsh_praha_skolne_first":[],"cennik_vsh_praha_skolne_second":[],"cennik_vsh_praha_skolne_footer":"","cennik_vsh_znojmo_packages_bc_head":"","cennik_vsh_znojmo_packages_bc_text":"","cennik_vsh_znojmo_packages":[],"cennik_vsh_znojmo_packages_bccomb_head":"","cennik_vsh_znojmo_packages_bccomb_text":"","cennik_vsh_znojmo_packages_bccomb":[],"cennik_vsh_znojmo_packages_mgr_head":"","cennik_vsh_znojmo_packages_mgr_text":"","cennik_vsh_mgr_znojmo_packages":[],"cennik_vsh_znojmo_packages_mgr_head_combform":"","cennik_vsh_znojmo_packages_mgr_text_combform":"","cennik_vsh_mgr_znojmo_packages_combform":[],"cennik_vsh_znojmo_skolne_abovehead":"","cennik_vsh_znojmo_skolne_head":"","cennik_vsh_znojmo_skolne_text":"","cennik_vsh_znojmo_skolne_first":[],"cennik_vsh_znojmo_skolne_second":[],"cennik_vsh_znojmo_skolne_footer":"","cennik_vsh_bratislava_packages_bc_head":"","cennik_vsh_bratislava_packages_bc_text":"","cennik_vsh_bratislava_packages":[],"cennik_vsh_bratislava_packages_bccomb_head":"","cennik_vsh_bratislava_packages_bccomb_text":"","cennik_vsh_bratislava_packages_bccomb":[],"cennik_vsh_bratislava_packages_mgr_head":"","cennik_vsh_bratislava_packages_mgr_text":"","cennik_vsh_mgr_bratislava_packages":[],"cennik_vsh_bratislava_packages_mgr_head_combform":"","cennik_vsh_bratislava_packages_mgr_text_combform":"","cennik_vsh_mgr_bratislava_packages_combform":[],"cennik_vsh_bratislava_skolne_abovehead":"","cennik_vsh_bratislava_skolne_head":"","cennik_vsh_bratislava_skolne_text":"","cennik_vsh_bratislava_skolne_first":[],"cennik_vsh_bratislava_skolne_second":[],"cennik_vsh_bratislava_skolne_footer":"","vslg_cennik_header":"","vslg_cennik_benefits":[],"vslg_cennik_aboveswitch_headline":"","vslg_cennik_aboveswitch_text":"","vslg_cennik_winter_packages_bc_head":"","vslg_cennik_winter_packages":[],"vslg_cennik_winter_packages_mgr_head":"","vslg_cennik_mgr_winter_packages":[],"vslg_cennik_winter_skolne_abovehead":"","vslg_cennik_winter_skolne_head":"","vslg_cennik_winter_skolne_text":"","vslg_cennik_winter_skolne_first":[],"vslg_cennik_winter_skolne_second":[],"vslg_cennik_winter_skolne_footer":"","vslg_cennik_summer_packages_bc_head":"","vslg_cennik_summer_packages":[],"vslg_cennik_summer_packages_mgr_head":"","vslg_cennik_mgr_summer_packages":[],"vslg_cennik_summer_skolne_abovehead":"","vslg_cennik_summer_skolne_head":"","vslg_cennik_summer_skolne_text":"","vslg_cennik_summer_skolne_first":[],"vslg_cennik_summer_skolne_second":[],"vslg_cennik_summer_skolne_footer":""},"_links":{"self":[{"href":"https:\/\/vsmvv.cz\/sk\/wp-json\/wp\/v2\/pages\/138","targetHints":{"allow":["GET"]}}],"collection":[{"href":"https:\/\/vsmvv.cz\/sk\/wp-json\/wp\/v2\/pages"}],"about":[{"href":"https:\/\/vsmvv.cz\/sk\/wp-json\/wp\/v2\/types\/page"}],"author":[{"embeddable":true,"href":"https:\/\/vsmvv.cz\/sk\/wp-json\/wp\/v2\/users\/11"}],"replies":[{"embeddable":true,"href":"https:\/\/vsmvv.cz\/sk\/wp-json\/wp\/v2\/comments?post=138"}],"version-history":[{"count":6,"href":"https:\/\/vsmvv.cz\/sk\/wp-json\/wp\/v2\/pages\/138\/revisions"}],"predecessor-version":[{"id":1341,"href":"https:\/\/vsmvv.cz\/sk\/wp-json\/wp\/v2\/pages\/138\/revisions\/1341"}],"up":[{"embeddable":true,"href":"https:\/\/vsmvv.cz\/sk\/wp-json\/wp\/v2\/pages\/78"}],"wp:attachment":[{"href":"https:\/\/vsmvv.cz\/sk\/wp-json\/wp\/v2\/media?parent=138"}],"curies":[{"name":"wp","href":"https:\/\/api.w.org\/{rel}","templated":true}]}}