{"id":830,"date":"2021-05-04T11:07:58","date_gmt":"2021-05-04T09:07:58","guid":{"rendered":"http:\/\/vsmvv.cz\/?page_id=830"},"modified":"2022-10-18T14:55:09","modified_gmt":"2022-10-18T12:55:09","slug":"skolne","status":"publish","type":"page","link":"https:\/\/vsmvv.cz\/sk\/skolne\/","title":{"rendered":"\u0160koln\u00e9"},"content":{"rendered":"","protected":false},"excerpt":{"rendered":"<p>Vzdelanie hodnotu nestr\u00e1ca. <\/p>\n","protected":false},"author":11,"featured_media":0,"parent":0,"menu_order":0,"comment_status":"closed","ping_status":"closed","template":"page-templates\/prijmaciekonanie_cennik.php","meta":{"inline_featured_image":false,"footnotes":""},"class_list":["post-830","page","type-page","status-publish","hentry"],"yoast_head":"<!-- This site is optimized with the Yoast SEO plugin v26.8 - https:\/\/yoast.com\/product\/yoast-seo-wordpress\/ -->\n<title>\u0160koln\u00e9 - Vysok\u00e1 \u0161kola mezin\u00e1rodn\u00edch a verejn\u00fdch vztah\u016f<\/title>\n<meta name=\"robots\" content=\"index, follow, max-snippet:-1, max-image-preview:large, max-video-preview:-1\" \/>\n<link rel=\"canonical\" href=\"https:\/\/vsmvv.cz\/sk\/skolne\/\" \/>\n<meta property=\"og:locale\" content=\"sk_SK\" \/>\n<meta property=\"og:type\" content=\"article\" \/>\n<meta property=\"og:title\" content=\"\u0160koln\u00e9 - Vysok\u00e1 \u0161kola mezin\u00e1rodn\u00edch a verejn\u00fdch vztah\u016f\" \/>\n<meta property=\"og:description\" content=\"Vzdelanie hodnotu nestr\u00e1ca.\" \/>\n<meta property=\"og:url\" content=\"https:\/\/vsmvv.cz\/sk\/skolne\/\" \/>\n<meta property=\"og:site_name\" content=\"Vysok\u00e1 \u0161kola mezin\u00e1rodn\u00edch a verejn\u00fdch vztah\u016f\" \/>\n<meta property=\"article:modified_time\" content=\"2022-10-18T12:55:09+00:00\" \/>\n<meta name=\"twitter:card\" content=\"summary_large_image\" \/>\n<script type=\"application\/ld+json\" class=\"yoast-schema-graph\">{\"@context\":\"https:\/\/schema.org\",\"@graph\":[{\"@type\":\"WebPage\",\"@id\":\"https:\/\/vsmvv.cz\/sk\/skolne\/\",\"url\":\"https:\/\/vsmvv.cz\/sk\/skolne\/\",\"name\":\"\u0160koln\u00e9 - Vysok\u00e1 \u0161kola mezin\u00e1rodn\u00edch a verejn\u00fdch vztah\u016f\",\"isPartOf\":{\"@id\":\"http:\/\/vsmvv.cz\/sk\/#website\"},\"datePublished\":\"2021-05-04T09:07:58+00:00\",\"dateModified\":\"2022-10-18T12:55:09+00:00\",\"breadcrumb\":{\"@id\":\"https:\/\/vsmvv.cz\/sk\/skolne\/#breadcrumb\"},\"inLanguage\":\"sk-SK\",\"potentialAction\":[{\"@type\":\"ReadAction\",\"target\":[\"https:\/\/vsmvv.cz\/sk\/skolne\/\"]}]},{\"@type\":\"BreadcrumbList\",\"@id\":\"https:\/\/vsmvv.cz\/sk\/skolne\/#breadcrumb\",\"itemListElement\":[{\"@type\":\"ListItem\",\"position\":1,\"name\":\"Vysok\u00e1 \u0161kola mezin\u00e1rodn\u00edch a verejn\u00fdch vztah\u016f\",\"item\":\"https:\/\/vsmvv.cz\/sk\/\"},{\"@type\":\"ListItem\",\"position\":2,\"name\":\"\u0160koln\u00e9\"}]},{\"@type\":\"WebSite\",\"@id\":\"http:\/\/vsmvv.cz\/sk\/#website\",\"url\":\"http:\/\/vsmvv.cz\/sk\/\",\"name\":\"Vysok\u00e1 \u0161kola mezin\u00e1rodn\u00edch a verejn\u00fdch vztah\u016f\",\"description\":\"Kvalita. Prest\u00ed\u017e. \u00daspech. Prec\u00edznos\u0165.\",\"potentialAction\":[{\"@type\":\"SearchAction\",\"target\":{\"@type\":\"EntryPoint\",\"urlTemplate\":\"http:\/\/vsmvv.cz\/sk\/?s={search_term_string}\"},\"query-input\":{\"@type\":\"PropertyValueSpecification\",\"valueRequired\":true,\"valueName\":\"search_term_string\"}}],\"inLanguage\":\"sk-SK\"}]}<\/script>\n<!-- \/ Yoast SEO plugin. -->","yoast_head_json":{"title":"\u0160koln\u00e9 - Vysok\u00e1 \u0161kola mezin\u00e1rodn\u00edch a verejn\u00fdch vztah\u016f","robots":{"index":"index","follow":"follow","max-snippet":"max-snippet:-1","max-image-preview":"max-image-preview:large","max-video-preview":"max-video-preview:-1"},"canonical":"https:\/\/vsmvv.cz\/sk\/skolne\/","og_locale":"sk_SK","og_type":"article","og_title":"\u0160koln\u00e9 - Vysok\u00e1 \u0161kola mezin\u00e1rodn\u00edch a verejn\u00fdch vztah\u016f","og_description":"Vzdelanie hodnotu nestr\u00e1ca.","og_url":"https:\/\/vsmvv.cz\/sk\/skolne\/","og_site_name":"Vysok\u00e1 \u0161kola mezin\u00e1rodn\u00edch a verejn\u00fdch vztah\u016f","article_modified_time":"2022-10-18T12:55:09+00:00","twitter_card":"summary_large_image","schema":{"@context":"https:\/\/schema.org","@graph":[{"@type":"WebPage","@id":"https:\/\/vsmvv.cz\/sk\/skolne\/","url":"https:\/\/vsmvv.cz\/sk\/skolne\/","name":"\u0160koln\u00e9 - Vysok\u00e1 \u0161kola mezin\u00e1rodn\u00edch a verejn\u00fdch vztah\u016f","isPartOf":{"@id":"http:\/\/vsmvv.cz\/sk\/#website"},"datePublished":"2021-05-04T09:07:58+00:00","dateModified":"2022-10-18T12:55:09+00:00","breadcrumb":{"@id":"https:\/\/vsmvv.cz\/sk\/skolne\/#breadcrumb"},"inLanguage":"sk-SK","potentialAction":[{"@type":"ReadAction","target":["https:\/\/vsmvv.cz\/sk\/skolne\/"]}]},{"@type":"BreadcrumbList","@id":"https:\/\/vsmvv.cz\/sk\/skolne\/#breadcrumb","itemListElement":[{"@type":"ListItem","position":1,"name":"Vysok\u00e1 \u0161kola mezin\u00e1rodn\u00edch a verejn\u00fdch vztah\u016f","item":"https:\/\/vsmvv.cz\/sk\/"},{"@type":"ListItem","position":2,"name":"\u0160koln\u00e9"}]},{"@type":"WebSite","@id":"http:\/\/vsmvv.cz\/sk\/#website","url":"http:\/\/vsmvv.cz\/sk\/","name":"Vysok\u00e1 \u0161kola mezin\u00e1rodn\u00edch a verejn\u00fdch vztah\u016f","description":"Kvalita. Prest\u00ed\u017e. \u00daspech. Prec\u00edznos\u0165.","potentialAction":[{"@type":"SearchAction","target":{"@type":"EntryPoint","urlTemplate":"http:\/\/vsmvv.cz\/sk\/?s={search_term_string}"},"query-input":{"@type":"PropertyValueSpecification","valueRequired":true,"valueName":"search_term_string"}}],"inLanguage":"sk-SK"}]}},"meta_box":{"vav_section_cloneable_group":[{"vav_section_cloneable_style":"classic_style"}],"pt_ucp_domov_banner_heading":"","pt_ucp_domov_banner_subheading":"","pt_ucp_domov_banner_link":"","banner_side_buttons":[{"banner_side_buttons_mobile_hide":"1","banner_side_buttons_mobile_transparent":"1"}],"pt_ucp_domov_studium":[],"tp_textr_imagel_video_domov_heading":"","tp_textr_imagel_video_domov_img":[],"tp_textr_imagel_video_domov_url":"","pt_ucp_domov_predstavenie_heading":"","pt_ucp_domov_predstavenie_text":"","pt_ucp_domov_predstavenie_btn":"","pt_ucp_domov_predstavenie_link":"","pt_ucp_domov_predstavenie_obrazok":[],"pt_ucp_domov_dod_nadpis":"","pt_ucp_domov_dod_text":"","pt_ucp_domov_dod_skola_1":[],"tp_onas_textl_imager_heading":"","tp_onas_textl_imager_text":"","tp_onas_textl_imager_btn_text":"","tp_onas_textl_imager_btn_url":"","tp_onas_textl_imager_img":[],"tp_textr_imagel_onas_heading":"","tp_textr_imagel_onas_text":"","tp_textr_imagel_onas_btn_text":"","tp_textr_imagel_onas_btn_url":"","tp_textr_imagel_onas_img":[],"tp_head_text_btns_onas_heading":"","tp_head_text_btns_onas_text":"","tp_head_text_btns_onas":[],"tp_onas_partneri_textl_imager_heading":"","tp_onas_partneri_textl_imager_text":"","tp_onas_partneri_textl_imager_btn_text":"","tp_onas_partneri_textl_imager_btn_url":"","tp_onas_partneri_textl_imager_img":[],"pt_onas_genpartneri_heading":"","pt_onas_genpartneri_text":"","tp_genpartners_slider":[],"pt_onas_partneri_heading":"","pt_onas_partneri_text":"","tp_partners_slider":[],"pt_ucp_about_absolventi_infobox_heading_1":"","pt_ucp_about_absolventi_infobox_text_1":"","pt_ucp_about_absolventi_infobox_heading_2":"","pt_ucp_about_absolventi_infobox_text_2":"","pt_ucp_about_absolventi_infobox_heading_3":"","pt_ucp_about_absolventi_infobox_text_3":"","pt_ucp_about_absolventi_heading":"","pt_ucp_about_absolventi_text":"","pt_ucp_about_absolventi_obrazok":[],"pt_ucp_about_absolventi_slider_heading":"","pt_ucp_about_absolventi_slider_text":"","pg_kontakt_mesta_heading":"","pg_kontakt_mesta_text":"","tp_image_contact_boxes_kontakt":[],"pg_kontakt_form_subheading":"","pg_kontakt_form_heading":"","pg_kontakt_form_shortcode":"","pg_instituty":[{"pg_instituty_address":[{"_state":"expanded"}],"_state":"expanded"}],"tp_image_text_cloneable_doplnit_group":[{"tp_image_text_cloneable_doplnit_style":"textl_imager"}],"tp_textr_imagel_video_whyucp_heading":"","tp_textr_imagel_video_whyucp_text":"","tp_textr_imagel_video_whyucp_btn_text":"","tp_textr_imagel_video_whyucp_btn_url":"","tp_textr_imagel_video_whyucp_img":[],"tp_textr_imagel_video_whyucp_url":"","tp_textl_imager_prijmaciekonanie_heading":"","tp_textl_imager_prijmaciekonanie_text":"","tp_textl_imager_prijmaciekonanie_btn_text":"","tp_textl_imager_prijmaciekonanie_btn_url":"","tp_textl_imager_prijmaciekonanie_img":[],"tp_numbered_boxes_textgroup_prijmaciekonanie":[],"tp_numbered_boxes_btngroup_prijmaciekonanie":[],"pg_prijimacie_konanie_more_heading":"","pg_prijimacie_konanie_more_text":"","tp_head_text_btns_prijimacie_konanie_more":[],"prijmaciekonanie_cennik_header":"","prijmaciekonanie_cennik_benefits":[{"prijmaciekonanie_cennik_headline":"Kari\u00e9ra","prijmaciekonanie_cennik_text":"Absolventi V\u0160MVV si bez probl\u00e9mov n\u00e1jdu pr\u00e1cu vo svojom odbore.","prijmaciekonanie_cennik_icon":["1316"]},{"prijmaciekonanie_cennik_headline":"Osobn\u00fd pr\u00edstup","prijmaciekonanie_cennik_text":"Pre n\u00e1s ste osobnosti a nie \u010d\u00edsla v zozname.","prijmaciekonanie_cennik_icon":["1268"]},{"prijmaciekonanie_cennik_headline":"Komunita","prijmaciekonanie_cennik_text":"V\u0161etci absolventi s\u00fa v\u017edy v\u00edtan\u00ed na v\u0161etk\u00fdch akci\u00e1ch V\u0160MVV a ost\u00e1va im do\u017eivotn\u00fd pr\u00edstup do kni\u017enice.","prijmaciekonanie_cennik_icon":["1276"]}],"prijmaciekonanie_cennik_aboveswitch_headline":"\u0160koln\u00e9","prijmaciekonanie_cennik_aboveswitch_text":"<p>V\u00fd\u0161ka \u0161koln\u00e9ho sa l\u00ed\u0161i v z\u00e1vislosti od mesta, v ktorom chcete \u0161tudova\u0165 a tie\u017e z\u00e1vis\u00ed od stup\u0148a a formy \u0161t\u00fadia. Po\u010das \u0161t\u00fadia je mo\u017en\u00e9 z\u00edska\u0165 aj <a href=\"\/sk\/stipendia\/\">\u0161tipendium<\/a>.<\/p>\n","prijmaciekonanie_cennik_praha_packages":[{"prijmaciekonanie_cennik_praha_packages_label":"Praha Bronze","prijmaciekonanie_cennik_praha_packages_price":"27 500 CZK","prijmaciekonanie_cennik_praha_packages_time":"Za semester","prijmaciekonanie_cennik_praha_packages_text":"Z\u00e1kladn\u00ed bal\u00ed\u010dek. Vhodn\u00fd pro samostatn\u00e9 studenty, kter\u00fdm u\u010den\u00ed ned\u011bl\u00e1 probl\u00e9m."},{"prijmaciekonanie_cennik_praha_packages_label":"Praha Silver","prijmaciekonanie_cennik_praha_packages_price":"32 000 CZK","prijmaciekonanie_cennik_praha_packages_time":"Za semester","prijmaciekonanie_cennik_praha_packages_text":"Nejobl\u00edben\u011bj\u0161\u00ed bal\u00ed\u010dek. Vhodn\u00fd pro studenty, kte\u0159\u00ed cht\u011bj\u00ed b\u00fdt v u\u017e\u0161\u00edm kontaktu s vyu\u010duj\u00edc\u00edmi a z\u00e1rove\u0148 cht\u011bj\u00ed m\u00edt mo\u017enost p\u0159izp\u016fsobit si studium ke sv\u00fdm pot\u0159eb\u00e1m."},{"prijmaciekonanie_cennik_praha_packages_label":"Praha Gold","prijmaciekonanie_cennik_praha_packages_price":"44 500 CZK","prijmaciekonanie_cennik_praha_packages_time":"Za semester","prijmaciekonanie_cennik_praha_packages_text":"Ultim\u00e1tn\u00ed bal\u00ed\u010dek. Student z\u00edsk\u00e1 maxim\u00e1ln\u00ed podporu pro \u00fasp\u011b\u0161n\u00e9 ukon\u010den\u00ed studia a nalezen\u00ed pr\u00e1ce sn\u016f."}],"prijmaciekonanie_cennik_praha_skolne_abovehead":"\u0160koln\u00e9","prijmaciekonanie_cennik_praha_skolne_head":"Platba \u0161koln\u00e9ho","prijmaciekonanie_cennik_praha_skolne_text":"Akademick\u00fd rok sa sklad\u00e1 z dvoch semestrov. \u0160koln\u00e9 je rovnak\u00e9 pre kombinovan\u00e9 aj prezen\u010dn\u00e9 \u0161t\u00fadium. \u0160koln\u00e9 bal\u00ed\u010dky sa vz\u0165ahuj\u00fa iba na nov\u00fdch uch\u00e1dza\u010dov v akademickom roku 2020\/2021. Pre aktu\u00e1lnych \u0161tudentov platia podmienky upraven\u00e9 v zmluve, ktor\u00fa obdr\u017eali pri z\u00e1pise do prv\u00e9ho ro\u010dn\u00edka.","prijmaciekonanie_cennik_praha_skolne_first":[["Platba z \u010cR"],["\u00da\u010det:","CZ2801000000009256870297 (pro platby ze zahrani\u010d\u00ed)"],["VS:","Variabiln\u00ed symbol, rodn\u00e9 \u010d\u00edslo studenta"]],"prijmaciekonanie_cennik_praha_skolne_second":[["Platba zo zahrani\u010dia"],["IBAN:","CZ6201000000868965510257"],["SWIFT (BIC):","KOMBCZPPXXX"]],"prijmaciekonanie_cennik_praha_skolne_footer":"<p>\u00da\u010det je veden\u00fd u KB, a. s., n\u00e1m. M\u00edru, Praha 2.<\/p>\n","prijmaciekonanie_cennik_bratislava_packages_bc_head":"Bakal\u00e1rske \u0161t\u00fadium - Bratislava","prijmaciekonanie_cennik_bratislava_packages_bc_text":"Bakal\u00e1rske \u0161t\u00fadium trv\u00e1 tri roky, a to aj v kombinovanej forme. Jeden akademick\u00fd rok sa sklad\u00e1 z dvoch semestrov. ","prijmaciekonanie_cennik_bratislava_packages":[{"prijmaciekonanie_cennik_bratislava_packages_label":"Bratislava","prijmaciekonanie_cennik_bratislava_packages_price":"1050\u20ac","prijmaciekonanie_cennik_bratislava_packages_time":"Za semester prezen\u010dne"},{"prijmaciekonanie_cennik_bratislava_packages_label":"Bratislava","prijmaciekonanie_cennik_bratislava_packages_price":"999\u20ac","prijmaciekonanie_cennik_bratislava_packages_time":"Za semester kombinovane"}],"prijmaciekonanie_cennik_bratislava_packages_mgr_head":"Magistersk\u00e9 \u0161t\u00fadium","prijmaciekonanie_cennik_bratislava_packages_mgr_text":"Magistersk\u00e9 \u0161t\u00fadium trv\u00e1 dva roky, a to aj v kombinovanej forme. Jeden akademick\u00fd rok sa sklad\u00e1 z dvoch semestrov. ","prijmaciekonanie_cennik_mgr_bratislava_packages":[{"prijmaciekonanie_cennik_mgr_bratislava_packages_label":"Bratislava","prijmaciekonanie_cennik_mgr_bratislava_packages_price":"1050\u20ac","prijmaciekonanie_cennik_mgr_bratislava_packages_time":"Za semester prezen\u010dne"},{"prijmaciekonanie_cennik_mgr_bratislava_packages_label":"Bratislava","prijmaciekonanie_cennik_mgr_bratislava_packages_price":"999\u20ac","prijmaciekonanie_cennik_mgr_bratislava_packages_time":"Za semester kombinovane"}],"prijmaciekonanie_cennik_bratislava_skolne_abovehead":"\u0160koln\u00e9","prijmaciekonanie_cennik_bratislava_skolne_head":"Platba \u0161koln\u00e9ho","prijmaciekonanie_cennik_bratislava_skolne_text":"Akademick\u00fd rok sa sklad\u00e1 z dvoch semestrov. \u0160koln\u00e9 za akademick\u00fd rok sa d\u00e1 rozdeli\u0165 do dvoch spl\u00e1tok. Vo v\u00fdnimo\u010dn\u00fdch pr\u00edpadoch je mo\u017en\u00e9 ho rozdeli\u0165 aj do viacer\u00fdch spl\u00e1tok.","prijmaciekonanie_cennik_bratislava_skolne_first":[["IBAN:","SK3765000000000020603749"],["SWIFT code:","POBNSKBA"]],"prijmaciekonanie_cennik_bratislava_skolne_second":[["Variabiln\u00fd symbol:","Rodn\u00e9 \u010d\u00edslo \u0161tudenta alebo I\u010c \u0161tudenta zo syst\u00e9mu Moggis"],["Banka","Po\u0161tov\u00e1 Banka"]],"prijmaciekonanie_cennik_bratislava_skolne_footer":"<p>Do pozn\u00e1mky platby uve\u010fte svoje meno a priezvisko<\/p>\n<p>&nbsp;<\/p>\n","prijmaciekonanie_cennik_prahaupd_packages_bc_head":"Bakal\u00e1rske \u0161t\u00fadium - Praha","prijmaciekonanie_cennik_prahaupd_packages_bc_text":"Bakal\u00e1rske \u0161t\u00fadium trv\u00e1 tri roky, a to aj v kombinovanej forme. Jeden akademick\u00fd rok sa sklad\u00e1 z dvoch semestrov.","prijmaciekonanie_cennik_prahaupd_packages":[{"prijmaciekonanie_cennik_prahaupd_packages_label":"Prezen\u010dn\u00e1 forma \u0161t\u00fadia","prijmaciekonanie_cennik_prahaupd_packages_price":"27 500 K\u010d","prijmaciekonanie_cennik_prahaupd_packages_time":"Za semester"},{"prijmaciekonanie_cennik_prahaupd_packages_label":"Kombinovan\u00e1 forma \u0161t\u00fadia","prijmaciekonanie_cennik_prahaupd_packages_price":"26 000 K\u010d","prijmaciekonanie_cennik_prahaupd_packages_time":"Za semester"}],"prijmaciekonanie_cennik_prahaupd_packages_mgr_head":"Magistersk\u00e9 \u0161t\u00fadium - Praha","prijmaciekonanie_cennik_prahaupd_packages_mgr_text":"Magistersk\u00e9 \u0161t\u00fadium trv\u00e1 dva roky, a to aj v kombinovanej forme. Jeden akademick\u00fd rok sa sklad\u00e1 z dvoch semestrov.","prijmaciekonanie_cennik_mgr_prahaupd_packages":[{"prijmaciekonanie_cennik_mgr_prahaupd_packages_label":"Prezen\u010dn\u00e1 forma \u0161t\u00fadia","prijmaciekonanie_cennik_mgr_prahaupd_packages_price":"29 500 K\u010d","prijmaciekonanie_cennik_mgr_prahaupd_packages_time":"Za semester"},{"prijmaciekonanie_cennik_mgr_prahaupd_packages_label":"Kombinovan\u00e1 forma \u0161t\u00fadia","prijmaciekonanie_cennik_mgr_prahaupd_packages_price":"27 500 K\u010d","prijmaciekonanie_cennik_mgr_prahaupd_packages_time":"Za semester"}],"prijmaciekonanie_cennik_prahaupd_skolne_abovehead":"\u0160koln\u00e9","prijmaciekonanie_cennik_prahaupd_skolne_head":"Platba \u0161koln\u00e9ho","prijmaciekonanie_cennik_prahaupd_skolne_text":"Akademick\u00fd rok sa sklad\u00e1 z dvoch semestrov. \u0160koln\u00e9 za akademick\u00fd rok sa d\u00e1 rozdeli\u0165 do dvoch spl\u00e1tok. Vo v\u00fdnimo\u010dn\u00fdch pr\u00edpadoch je mo\u017en\u00e9 ho rozdeli\u0165 aj do viacer\u00fdch spl\u00e1tok. Pri platbe zo zahrani\u010dia pou\u017eite IBAN. ","prijmaciekonanie_cennik_prahaupd_skolne_first":[["\u00da\u010det","86-8965510257\/0100"],["Variabiln\u00fd symbol","Rodn\u00e9 \u010d\u00edslo \u0161tudenta alebo I\u010c \u0161tudenta zo syst\u00e9mu Moggis"]],"prijmaciekonanie_cennik_prahaupd_skolne_second":[["IBAN","CZ6201000000868965510257"],["BankaSWIFT (BIC)","KOMBCZPPXXX"]],"prijmaciekonanie_cennik_prahaupd_skolne_footer":"<p>Do pozn\u00e1mky platby uve\u010fte svoje meno a priezvisko<\/p>\n","tp_textl_imager_navsteva_heading":"","tp_textl_imager_navsteva_text":"","tp_textl_imager_navsteva_btn_text":"","tp_textl_imager_navsteva_btn_url":"","tp_textl_imager_navsteva_img":[],"tp_textr_imagel_navsteva_heading":"","tp_textr_imagel_navsteva_text":"","tp_textr_imagel_navsteva_btn_text":"","tp_textr_imagel_navsteva_btn_url":"","tp_textr_imagel_navsteva_img":[],"tp_head_text_btns_vzdelavanie_heading":"","tp_head_text_btns_vzdelavanie_text":"","tp_head_text_btns_vzdelavanie":[],"tp_textr_imagel_vzdelavanie_heading":"","tp_textr_imagel_vzdelavanie_text":"","tp_textr_imagel_vzdelavanie_btn_text":"","tp_textr_imagel_vzdelavanie_btn_url":"","tp_textr_imagel_vzdelavanie_img":[],"tp_textr_imagel_video_vzdelavanie_heading":"","tp_textr_imagel_video_vzdelavanie_text":"","tp_textr_imagel_video_vzdelavanie_btn_text":"","tp_textr_imagel_video_vzdelavanie_btn_url":"","tp_textr_imagel_video_vzdelavanie_img":[],"tp_textr_imagel_video_vzdelavanie_url":"","pt_kombstud_text_boxes":[],"tp_textl_imager_kombstud_heading":"","tp_textl_imager_kombstud_text":"","tp_textl_imager_kombstud_btn_text":"","tp_textl_imager_kombstud_btn_url":"","tp_textl_imager_kombstud_img":[],"kombstud_faq_heading":"","kombstud_faq_text":"","kombstud_faq_faq_group":[],"kombstud_faq_group":[],"tp_onas_historia_textl_imager_heading":"","tp_onas_historia_textl_imager_text":"","tp_onas_historia_textl_imager_btn_text":"","tp_onas_historia_textl_imager_btn_url":"","tp_onas_historia_textl_imager_img":[],"tp_textr_imagel_historia_heading":"","tp_textr_imagel_historia_text":"","tp_textr_imagel_historia_btn_text":"","tp_textr_imagel_historia_btn_url":"","tp_textr_imagel_historia_img":[],"tp_onas_historia_textl_imager2_heading":"","tp_onas_historia_textl_imager2_text":"","tp_onas_historia_textl_imager2_btn_text":"","tp_onas_historia_textl_imager2_btn_url":"","tp_onas_historia_textl_imager2_img":[],"tp_textr_imagel2_historia_heading":"","tp_textr_imagel2_historia_text":"","tp_textr_imagel2_historia_btn_text":"","tp_textr_imagel2_historia_btn_url":"","tp_textr_imagel2_historia_img":[],"pt_vzdelavanie_bc_infobox_heading_1":"","pt_vzdelavanie_bc_infobox_text_1":"","pt_vzdelavanie_bc_infobox_heading_2":"","pt_vzdelavanie_bc_infobox_text_2":"","pt_vzdelavanie_bc_infobox_heading_3":"","pt_vzdelavanie_bc_infobox_text_3":"","pt_vzdelavanie_bc_prijatie_heading":"","pt_vzdelavanie_bc_prijatie_text":"","pt_vzdelavanie_bc_prijatie_btns":[],"pt_vzdelavanie_bc_info_heading":"","pt_vzdelavanie_bc_info_text":"","pt_vzdelavanie_bc_info_btn_text":"","pt_vzdelavanie_bc_info_btn_url":"","pt_vzdelavanie_bc_info_img":[],"pt_vzdelavanie_bc_references_above_head":"","pt_vzdelavanie_bc_references_above_text":"","pt_vzdelavanie_bc_references":[],"pt_vzdelavanie_ing_infobox_heading_1":"","pt_vzdelavanie_ing_infobox_text_1":"","pt_vzdelavanie_ing_infobox_heading_2":"","pt_vzdelavanie_ing_infobox_text_2":"","pt_vzdelavanie_ing_infobox_heading_3":"","pt_vzdelavanie_ing_infobox_text_3":"","pt_vzdelavanie_ing_prijatie_heading":"","pt_vzdelavanie_ing_prijatie_text":"","pt_vzdelavanie_ing_prijatie_btns":[],"pt_vzdelavanie_ing_info_heading":"","pt_vzdelavanie_ing_info_text":"","pt_vzdelavanie_ing_info_btn_text":"","pt_vzdelavanie_ing_info_btn_url":"","pt_vzdelavanie_ing_info_img":[],"pt_vzdelavanie_ing_references_above_head":"","pt_vzdelavanie_ing_references_above_text":"","pt_vzdelavanie_ing_references":[],"pt_vzdelavanie_zivot_prijatie_heading":"","pt_vzdelavanie_zivot_prijatie_text":"","pt_vzdelavanie_zivot_prijatie_btns":[],"pt_vzdelavanie_zivot_info_heading":"","pt_vzdelavanie_zivot_info_text":"","pt_vzdelavanie_zivot_info_btn_text":"","pt_vzdelavanie_zivot_info_btn_url":"","pt_vzdelavanie_zivot_info_img":[],"tp_textr_imagel_vzdelavanie_zivot_heading":"","tp_textr_imagel_vzdelavanie_zivot_text":"","tp_textr_imagel_vzdelavanie_zivot_btn_text":"","tp_textr_imagel_vzdelavanie_zivot_btn_url":"","tp_textr_imagel_vzdelavanie_zivot_img":[],"pg_zivot_ucp_mesta_heading":"","pg_zivot_ucp_mesta_text":"","pg_zivot_ucp_mesta":[],"pg_zivot_ucp_mesto_video_heading":"","pg_zivot_ucp_mesto_video_text":"","pg_zivot_ucp_mesto_video_btn_text":"","pg_zivot_ucp_mesto_video_btn_url":"","pg_zivot_ucp_mesto_video_img":[],"pg_zivot_ucp_mesto_video_url":"","pg_zivot_ucp_mesto_more_heading":"","pg_zivot_ucp_mesto_more_text":"","pg_zivot_ucp_mesto_links_heading":"","pg_zivot_ucp_mesto_links":[],"pg_prihlaska":[{"_state":"expanded"}],"pt_ucp_dod_undernadpis":"","pt_ucp_dod_undertext":"","url":"","uradna_tabula":[{"uradna_tabula_document":[{"uradna_tabula_type":"<img src=\"\/wp-content\/themes\/united-collage-prague-skola\/assets\/images\/icons\/pdf_icon.svg\">","_state":"expanded"}],"_state":"expanded"}],"akademicky_kalendar":[{"_state":"expanded"}],"pg_studijne_kontakty_head":"","pg_studijne_kontakty_text":"","pg_studijne_kontakty":[],"pg_studijne_obmedzenie_head":"","pg_studijne_obmedzenie_text":"","pg_studijne_oddelenie":[{"pg_studijne_oddelenie_hodiny":[["A"]]}],"tp_textr_imagel_studiumodunora_heading":"","tp_textr_imagel_studiumodunora_text":"","tp_textr_imagel_studiumodunora_btn_text":"","tp_textr_imagel_studiumodunora_btn_url":"","tp_textr_imagel_studiumodunora_img":[],"studiumodunora_prihlaska_abovehead":"","studiumodunora_prihlaska_head":"","studiumodunora_prihlaska_text":"","studiumodunora_prihlaska_btnwrap":[],"studiumodunora_programy_heading":"","studiumodunora_programy_text":"","studiumodunora_programy_faq_group":[],"studiumodunora_programy_group":[],"veltrh_group":[],"pg_katedra":[],"pg_katedra_head":"","pg_katedra_text":"","pg_hostia_z_praxe":[],"tp_mba_where_aboveheading":"","tp_mba_where_abovetext":"","tp_head_mba_where_btns":[],"tp_mba_text_heading":"","tp_mba_text_text":"","mba_rozvrh":[{"mba_rozvrh_document":[{"mba_rozvrh_type":"Zimn\u00fd","_state":"expanded"}],"_state":"expanded"}],"tp_image_boxes_mba_heading":"","tp_image_boxes_mba":[],"mba_partners_slider_heading":"","mba_partners_slider":[],"mba_faq_heading":"","mba_faq_text":"","mba_faq_faq_group":[],"mba_faq_group":[],"mba_prihlaska_abovehead":"","mba_prihlaska_head":"","mba_prihlaska_text":"","mba_prihlaska_btnwrap":[],"cennik_vsh_header":"","cennik_vsh_benefits":[],"cennik_vsh_praha_packages_bc_head":"","cennik_vsh_praha_packages_bc_text":"","cennik_vsh_praha_packages":[],"cennik_vsh_praha_packages_bccomb_head":"","cennik_vsh_praha_packages_bccomb_text":"","cennik_vsh_praha_packages_bccomb":[],"cennik_vsh_praha_packages_mgr_head":"","cennik_vsh_praha_packages_mgr_text":"","cennik_vsh_mgr_praha_packages":[],"cennik_vsh_praha_packages_mgr_head_combform":"","cennik_vsh_praha_packages_mgr_text_combform":"","cennik_vsh_mgr_praha_packages_combform":[],"cennik_vsh_praha_skolne_abovehead":"","cennik_vsh_praha_skolne_head":"","cennik_vsh_praha_skolne_text":"","cennik_vsh_praha_skolne_first":[],"cennik_vsh_praha_skolne_second":[],"cennik_vsh_praha_skolne_footer":"","cennik_vsh_znojmo_packages_bc_head":"","cennik_vsh_znojmo_packages_bc_text":"","cennik_vsh_znojmo_packages":[],"cennik_vsh_znojmo_packages_bccomb_head":"","cennik_vsh_znojmo_packages_bccomb_text":"","cennik_vsh_znojmo_packages_bccomb":[],"cennik_vsh_znojmo_packages_mgr_head":"","cennik_vsh_znojmo_packages_mgr_text":"","cennik_vsh_mgr_znojmo_packages":[],"cennik_vsh_znojmo_packages_mgr_head_combform":"","cennik_vsh_znojmo_packages_mgr_text_combform":"","cennik_vsh_mgr_znojmo_packages_combform":[],"cennik_vsh_znojmo_skolne_abovehead":"","cennik_vsh_znojmo_skolne_head":"","cennik_vsh_znojmo_skolne_text":"","cennik_vsh_znojmo_skolne_first":[],"cennik_vsh_znojmo_skolne_second":[],"cennik_vsh_znojmo_skolne_footer":"","cennik_vsh_bratislava_packages_bc_head":"","cennik_vsh_bratislava_packages_bc_text":"","cennik_vsh_bratislava_packages":[],"cennik_vsh_bratislava_packages_bccomb_head":"","cennik_vsh_bratislava_packages_bccomb_text":"","cennik_vsh_bratislava_packages_bccomb":[],"cennik_vsh_bratislava_packages_mgr_head":"","cennik_vsh_bratislava_packages_mgr_text":"","cennik_vsh_mgr_bratislava_packages":[],"cennik_vsh_bratislava_packages_mgr_head_combform":"","cennik_vsh_bratislava_packages_mgr_text_combform":"","cennik_vsh_mgr_bratislava_packages_combform":[],"cennik_vsh_bratislava_skolne_abovehead":"","cennik_vsh_bratislava_skolne_head":"","cennik_vsh_bratislava_skolne_text":"","cennik_vsh_bratislava_skolne_first":[],"cennik_vsh_bratislava_skolne_second":[],"cennik_vsh_bratislava_skolne_footer":"","vslg_cennik_header":"","vslg_cennik_benefits":[],"vslg_cennik_aboveswitch_headline":"","vslg_cennik_aboveswitch_text":"","vslg_cennik_winter_packages_bc_head":"","vslg_cennik_winter_packages":[],"vslg_cennik_winter_packages_mgr_head":"","vslg_cennik_mgr_winter_packages":[],"vslg_cennik_winter_skolne_abovehead":"","vslg_cennik_winter_skolne_head":"","vslg_cennik_winter_skolne_text":"","vslg_cennik_winter_skolne_first":[],"vslg_cennik_winter_skolne_second":[],"vslg_cennik_winter_skolne_footer":"","vslg_cennik_summer_packages_bc_head":"","vslg_cennik_summer_packages":[],"vslg_cennik_summer_packages_mgr_head":"","vslg_cennik_mgr_summer_packages":[],"vslg_cennik_summer_skolne_abovehead":"","vslg_cennik_summer_skolne_head":"","vslg_cennik_summer_skolne_text":"","vslg_cennik_summer_skolne_first":[],"vslg_cennik_summer_skolne_second":[],"vslg_cennik_summer_skolne_footer":""},"_links":{"self":[{"href":"https:\/\/vsmvv.cz\/sk\/wp-json\/wp\/v2\/pages\/830","targetHints":{"allow":["GET"]}}],"collection":[{"href":"https:\/\/vsmvv.cz\/sk\/wp-json\/wp\/v2\/pages"}],"about":[{"href":"https:\/\/vsmvv.cz\/sk\/wp-json\/wp\/v2\/types\/page"}],"author":[{"embeddable":true,"href":"https:\/\/vsmvv.cz\/sk\/wp-json\/wp\/v2\/users\/11"}],"replies":[{"embeddable":true,"href":"https:\/\/vsmvv.cz\/sk\/wp-json\/wp\/v2\/comments?post=830"}],"version-history":[{"count":3,"href":"https:\/\/vsmvv.cz\/sk\/wp-json\/wp\/v2\/pages\/830\/revisions"}],"predecessor-version":[{"id":875,"href":"https:\/\/vsmvv.cz\/sk\/wp-json\/wp\/v2\/pages\/830\/revisions\/875"}],"wp:attachment":[{"href":"https:\/\/vsmvv.cz\/sk\/wp-json\/wp\/v2\/media?parent=830"}],"curies":[{"name":"wp","href":"https:\/\/api.w.org\/{rel}","templated":true}]}}